{"id":483,"date":"2017-11-01T18:17:26","date_gmt":"2017-11-01T16:17:26","guid":{"rendered":"http:\/\/www.atlassegud.ee\/%d0%bf%d1%80%d0%be%d0%b4%d1%83%d0%ba%d1%82%d1%8b\/sakret\/"},"modified":"2024-11-11T13:05:03","modified_gmt":"2024-11-11T11:05:03","slug":"sakret","status":"publish","type":"page","link":"https:\/\/www.atlassegud.ee\/ru\/%d0%bf%d1%80%d0%be%d0%b4%d1%83%d0%ba%d1%82%d1%8b\/sakret\/","title":{"rendered":"SAKRET"},"content":{"rendered":"<\/div><\/div><\/div><!-- close content main div --><\/div><\/div><div id='av_section_1' class='avia-section main_color avia-section-default avia-no-shadow av-parallax-section avia-bg-style-parallax  topbg-img container_wrap sidebar_right' style = 'background-color: #b1d671; ' data-section-bg-repeat='no-repeat' ><div class='av-parallax' data-avia-parallax-ratio='0.3' ><div class='av-parallax-inner main_color  avia-full-stretch' style = 'background-color: #b1d671; background-repeat: no-repeat; background-image: url(https:\/\/www.atlassegud.ee\/wp-content\/uploads\/2017\/08\/Atlas-maja2.jpg); background-attachment: scroll; background-position: top center; ' ><\/div><\/div><div class='container' ><div class='template-page content  av-content-small alpha units'><div class='post-entry post-entry-type-page post-entry-483'><div class='entry-content-wrapper clearfix'><\/div><\/div><\/div><!-- close content main div --><\/div><\/div><div id='after_section_1' class='main_color av_default_container_wrap container_wrap sidebar_right'   ><div class='container' ><div class='template-page content  av-content-small alpha units'><div class='post-entry post-entry-type-page post-entry-483'><div class='entry-content-wrapper clearfix'>\n<div class=\"flex_column av_one_full  flex_column_div first  general-content-area \" style='padding:40px 40px 0px 40px ; border-radius:0px; '><p><div class='avia-image-container  av-styling-   product-main-logo avia-align-left '  itemscope=\"itemscope\" itemtype=\"https:\/\/schema.org\/ImageObject\"  ><div class='avia-image-container-inner'><img class='avia_image ' src='https:\/\/www.atlassegud.ee\/wp-content\/uploads\/2017\/09\/sakret-2-300x150.png' alt='' title='sakret'   itemprop=\"thumbnailUrl\"  \/><\/div><\/div><br \/>\n<section class=\"av_textblock_section\"  itemscope=\"itemscope\" itemtype=\"https:\/\/schema.org\/CreativeWork\" ><div class='avia_textblock '   itemprop=\"text\" ><p>\u0422\u043e\u0432\u0430\u0440\u044b \u0432 \u0441\u043f\u0438\u0441\u043a\u0435 \u0438\u043c\u0435\u044e\u0442\u0441\u044f \u0441\u0440\u0430\u0437\u0443 \u043d\u0430 \u0441\u043a\u043b\u0430\u0434\u0435. \u0414\u0440\u0443\u0433\u0438\u0435 \u0442\u043e\u0432\u0430\u0440\u044b \u043f\u043e\u0434 \u0437\u0430\u043a\u0430\u0437.<\/p>\n<p><strong>EHITUSSEGUD, H\u00dcDROISOLATSIOON, LIIMID<\/strong><br \/>\nANKUR 12&#215;230+T\u00dc\u00dcBEL<br \/>\nKEW-37206 KOMPOSIITKRUVIGA FASSAADIT\u00dc\u00dcBEL TSBD 8X220<br \/>\nSAKRET KS 18L SILIKAATV\u00c4RV<br \/>\nSAKRET KS 9L A-BAAS SILIKAATV\u00c4RV<br \/>\nSAKRET KS 9L B-BAAS SILIKAATV\u00c4RV<br \/>\nSAKRET 3D AKNALIITEPROFIIL TELESKOOP LIIKUMISEGA RAL 7016 2,4M<br \/>\nSAKRET AF 1L K\u00dcLMAVASTANE LISAND<br \/>\nSAKRET AF 25L K\u00dcLMAVASTANE LISAND<br \/>\nSAKRET AF 5L K\u00dcLMAVASTANE LISAND<br \/>\nSAKRET AKNALIITEPR.3D TELESKOOPLIIKUMISEGA VALGE160X2400<br \/>\nSAKRET AKNALIITEPROFIIL 6mm LAMELLIGA 2,6m<br \/>\nSAKRET AKNALIITEPROFIIL 9mm LAMELLIGA 2,4m<br \/>\nSAKRET AKNALIITEPROFIIL EW06 V\u00d5RGUGA 6mm 2,4m<br \/>\nSAKRET AKNALIITEPROFIIL LAMELLIGA 6mm PVC 2,6m V\u00d5RGUGA PROTEKTOR 37906<br \/>\nSAKRET AKNALIITEPROFIIL V\u00d5RGUGA 9mm 2,4m<br \/>\nSAKRET Aknap\u00f5se ja aknapleki otste liiteprofiil EW CS 02, tagasip\u00f6\u00f6ratud otsadega plekile<br \/>\nSAKRET ALB PW 09 AKNALIIST VALGE 2,6M<br \/>\nSAKRET \u00c4MBER KOLLANE 1L<br \/>\nSAKRET AP-1,5mm valge 25kg<br \/>\nSAKRET ARMEERIMISV\u00d5RK 160g\/m2 11m2<br \/>\nSAKRET ARMEERIMISV\u00d6RK 340G\/m2 50m2 9X9<br \/>\nSAKRET ARMEERIMISV\u00d5RK 4X5mm (laius 1,0m) 145G\/M2 50M2\/RULL<br \/>\nSAKRET ARMEERIMISV\u00d5RK 7&#215;7 50m2 222g\/m2<br \/>\nSAKRET BAK VILLA ja EPS LIIM- ARMEERIMISSEGU 25kg<br \/>\nSAKRET BAK-F VILLA-JA ARMEERSEGU 25kg<br \/>\nSAKRET BG \u00dcLDEHITUSKRUNT 20L<br \/>\nSAKRET BG \u00dcLDEHITUSKRUNT 5L<br \/>\nSAKRET BH H\u00dcDROBETOON C30\/37 25kg<br \/>\nSAKRET BK KLEEPSEGU 25KG<br \/>\nSAKRET BK LIIMVAHT 750ml<br \/>\nSAKRET C37 25KG BETOONI\u00dcPANEELIDE VERTIKAAL-JA HORISONTAALVUUKIDE BETOON C30\/367<br \/>\nSAKRET CLP+ PRITS, LUBITSEMENTKROHV HALL 25kg<br \/>\nSAKRET CLP+ PRITSKROHV VALGE 25kg<br \/>\nSAKRET DW+ L\u00c4BIVIIGUMANSETT 100&#215;100\/35\/8<br \/>\nSAKRET FEBA-TEX-ATTIKA PARAPETIPLEKI ALUSPROFIIL\/ATTIKA 2,0m<br \/>\nSAKRET FKE ELASTNE PLAATIMISSEGU 25kg<br \/>\nSAKRET FMg SILIKOONKRUNTV\u00c4RV 10L<br \/>\nSAKRET FR HALLITUSE, VETIKATE JA SMABLIKE T\u00d5RJEVAHEND 10L<br \/>\nSAKRET FS PEENBETOON 25kg<br \/>\nSAKRET HF 10L H\u00dcDROFOBISAATOR BETOON-JA KROHVIPINDADELE<br \/>\nSAKRET HM-10 RESTAUREERIMISKROHV\/LUBITSEMENT KIUGA 25kg<br \/>\nSakret HML- 4 lubikrohv 25KG kiuga<br \/>\nSakret HML-1 lubikrohv 25KG<br \/>\nSakret HML-1 lubikrohv kiuga 25KG<br \/>\nSAKRET H\u00dcDROISOLATSIOONI SISENURK<br \/>\nSAKRET H\u00dcDROISOLATSIOONI V\u00c4LISNURK<br \/>\nSAKRET KAM-R LIIM JA ARMEERIMISSEGU VALGE 25KG<br \/>\nSAKRET KFF LUBIV\u00c4RV 9kg<br \/>\nSAKRET KIIRKIVINEV REMONDIBETOON RS 20KG<br \/>\nSAKRET KLN-R-TFIX-8S-295 FASSAADIT\u00dc\u00dcBEL METALLKRUVI<br \/>\nSAKRET KROHVIERALDUSPR. ALB-ESD 6mm x 2,5m<br \/>\nSAKRET KROHVIL\u00d5PETUSLIIST D17 6mm 2,5m<br \/>\nSAKRET KROHVIL\u00d5PETUSLIIST D19 10mm 2,5m<br \/>\nSAKRET KROHVIL\u00d5PETUSLIIST D19 15mm 2,0m<br \/>\nSAKRET KROHVIPROFIIL PLAADI PAKSUSELE 12,5mm<br \/>\nSAKRET KSp SILIKAATKRUNT MIN.PINDADELE 10L<br \/>\nSAKRET LCC 0,5MM 15KG FASSAADI VIIMISTLUSSEGU<br \/>\nSAKRET LCC 1MM 15KG FASSAADI VIIMISTLUSSEGU<br \/>\nSAKRET LIIV 0-2mm 25kg<br \/>\nSAKRET LISTALDRIK PEHMELE VILLALE DSB 90MM<br \/>\nSAKRET LUBIPAHTEL SFP (0,5MM) 25KG<br \/>\nSAKRET LUBIPAHTEL SFP FINE (0,13MM) 20KG<br \/>\nSAKRET MAP-MFF LUBITSEMENT-KERGKROHV ARMEERIMISKIUGA 30kg<br \/>\nSAKRET MINERAALVILLA FREES, MET., d=65mm<br \/>\nSAKRET NURGATUGEVDUSPROFIIL 100&#215;100 2,0m<br \/>\nSAKRET NURGATUGEVDUSPROFIIL PVC V\u00d5RGUGA 2,5M<br \/>\nSAKRET OAD Elastic 20kg<br \/>\nSAKRET OAD elastik 10kg<br \/>\nSAKRET OAD elastik 5kg<br \/>\nSAKRET OAD PRIMER 20L<br \/>\nSAKRET PAHTLIRULL 80MM<br \/>\nSAKRET PARFILL P6 40KG<br \/>\nSAKRET PG 25kg<br \/>\nSAKRET PG 15kg<br \/>\nSAKRET PG 5kg<br \/>\nSAKRET PM Super 25kg<br \/>\nSAKRET Poolmatt akr\u00fc\u00fclv\u00e4rv siset\u00f6\u00f6deks, seintele, l\u00e4ige 12, A baas<br \/>\nSAKRET P\u00d6RANDATASANDUSBETOON ESTRICH(BET) 25KG C30<br \/>\nSAKRET PROF 20L VALGE<br \/>\nSAKRET PVC-st sokli- ja fassaadis. vaheline termoprofiil ALB 4210, veenina 6 mm, laius 100 mm PRAKTIKA<br \/>\nSAKRET QG 1,5kg Kvartsnakkekrunt valge<br \/>\nSAKRET QG KVARTSKRUNT 15kg valge<br \/>\nSAKRET QG KVARTSKRUNT 5kg valge<br \/>\nSAKRET QG KVARTSKRUNT 25KG VALGE<br \/>\nSAKRET RM 25KG KIIRKIVINEV MITTEKAHANEV JOOTEBETOON<br \/>\nSAKRET SBP-2mm mineraalkrohv valge 25kg<br \/>\nSAKRET SC-15PP\/SB SILICATE CONTACT KRUNT<br \/>\nSAKRET SEGUVISPEL COL-WK140HF<br \/>\nSAKRET SIP-1,5mm valge 25kg<br \/>\nSAKRET SIP-1,5MM 25KG B-BAAS\/PUNANE KAAS<br \/>\nSAKRET SIP-2,0mm 25kg valge<br \/>\nSAKRET SIP-2,0MM 25KG B-BAAS\/PUNANE KAAS<br \/>\nSAKRET SKF 18L VALGE<br \/>\nSAKRET SKF 9L C-BAAS punane kaas<br \/>\nSAKRET SKF 9L VALGE<br \/>\nSAKRET SMS 1,5mm VALGE 25kg<br \/>\nSAKRET SMS-2,0MM 25KG VALGE<br \/>\nSAKRET SOKLIPROFIIL 100&#215;2,5m<br \/>\nSAKRET SOKLIPROFIIL 250&#215;2,5m<br \/>\nSAKRET SOKLIPROFIIL 150&#215;2,5m<br \/>\nSAKRET SOKLIPROFIIL EB 50 2,5m, paksus 0,8mm<br \/>\nSAKRET SOKLIPROFIIL 300&#215;2,5M<br \/>\nSAKRET SOKLIPROFIIL VEENINAPROFIIL ED BK 3MM<br \/>\nSAKRET SOKLIPROFIIL VEENINAPROFIIL ED BK 6MM<br \/>\nSAKRET TCM 5L+12,5kg<br \/>\nSAKRET TCM KRUNT 5L<br \/>\nSAKRET TGW 1L<br \/>\nSAKRET TGW 20L<br \/>\nSAKRET TGW 10L<br \/>\nSAKRET TRAPP 425X425 0,75MM<br \/>\nSAKRET T\u00dc\u00dcBEL KI 120\/10<br \/>\nSAKRET T\u00dc\u00dcBEL KI 140\/10<br \/>\nSAKRET T\u00dc\u00dcBEL KI 200\/10<br \/>\nSAKRET T\u00dc\u00dcBEL KI 220\/10<br \/>\nSAKRET T\u00dc\u00dcBEL KI 90\/10<br \/>\nSAKRET T\u00dc\u00dcBEL KI-120N<br \/>\nSAKRET T\u00dc\u00dcBEL KI-140N<br \/>\nSAKRET T\u00dc\u00dcBEL KI-160N<br \/>\nSAKRET T\u00dc\u00dcBEL KI-180N<br \/>\nSAKRET T\u00dc\u00dcBEL KI-200N<br \/>\nSAKRET T\u00dc\u00dcBEL KI-220N<br \/>\nSAKRET T\u00dc\u00dcBEL KI-260N<br \/>\nSAKRET T\u00dc\u00dcBEL KI-300N<br \/>\nSAKRET UG UNIVERSAALKRUNT 25kg<br \/>\nSAKRET UG UNIVERSAALKRUNT 10L<br \/>\nSAKRET UG UNIVERSAALKRUNT 1L<br \/>\nSAKRET UG UNIVESAALKRUNT 5L<br \/>\nSAKRET VAHTPOL\u00dcST\u00dcREENI FREES PLAST, D=65mm<br \/>\nSAKRET V\u00c4RVIRULL MICROLISS 12mm x 250mm<br \/>\nSAKRET VEENINAPROFIIL ED B PVC, 6 mm n\u00e4htamatu veeninaga<br \/>\nSAKRET VEEPLEKI JA KROHVIS\u00dcSTEEMI LIITEPROFIIL 2,0m<br \/>\nSAKRET WIP 25KG<br \/>\nSAKRET ZF M\u00dc\u00dcRI ja KROHVISEGU TALVINE 25kg<br \/>\nSAKRET ZM M\u00dc\u00dcRI JA KROHVISEGU 25kg<br \/>\nSEGUVISPEL KR120HF<br \/>\nT\u00dc\u00dcBEL KLN-HRK 14&#215;70<br \/>\n\u00dcLEMINEK COL-49.517 M14 HERAFIX SAKRET<\/p>\n<\/div><\/section><\/p><\/div>\n","protected":false},"excerpt":{"rendered":"","protected":false},"author":1,"featured_media":0,"parent":428,"menu_order":13,"comment_status":"closed","ping_status":"closed","template":"","meta":{"footnotes":""},"_links":{"self":[{"href":"https:\/\/www.atlassegud.ee\/ru\/wp-json\/wp\/v2\/pages\/483"}],"collection":[{"href":"https:\/\/www.atlassegud.ee\/ru\/wp-json\/wp\/v2\/pages"}],"about":[{"href":"https:\/\/www.atlassegud.ee\/ru\/wp-json\/wp\/v2\/types\/page"}],"author":[{"embeddable":true,"href":"https:\/\/www.atlassegud.ee\/ru\/wp-json\/wp\/v2\/users\/1"}],"replies":[{"embeddable":true,"href":"https:\/\/www.atlassegud.ee\/ru\/wp-json\/wp\/v2\/comments?post=483"}],"version-history":[{"count":10,"href":"https:\/\/www.atlassegud.ee\/ru\/wp-json\/wp\/v2\/pages\/483\/revisions"}],"predecessor-version":[{"id":1809,"href":"https:\/\/www.atlassegud.ee\/ru\/wp-json\/wp\/v2\/pages\/483\/revisions\/1809"}],"up":[{"embeddable":true,"href":"https:\/\/www.atlassegud.ee\/ru\/wp-json\/wp\/v2\/pages\/428"}],"wp:attachment":[{"href":"https:\/\/www.atlassegud.ee\/ru\/wp-json\/wp\/v2\/media?parent=483"}],"curies":[{"name":"wp","href":"https:\/\/api.w.org\/{rel}","templated":true}]}}