{"id":575,"date":"2017-11-06T16:21:04","date_gmt":"2017-11-06T14:21:04","guid":{"rendered":"http:\/\/www.atlassegud.ee\/tuotteet\/soudal\/"},"modified":"2024-11-11T13:12:55","modified_gmt":"2024-11-11T11:12:55","slug":"soudal","status":"publish","type":"page","link":"https:\/\/www.atlassegud.ee\/fi\/tuotteet\/soudal\/","title":{"rendered":"SOUDAL"},"content":{"rendered":"<\/div><\/div><\/div><!-- close content main div --><\/div><\/div><div id='av_section_1' class='avia-section main_color avia-section-default avia-no-shadow av-parallax-section avia-bg-style-parallax  topbg-img container_wrap sidebar_right' style = 'background-color: #b1d671; ' data-section-bg-repeat='no-repeat' ><div class='av-parallax' data-avia-parallax-ratio='0.3' ><div class='av-parallax-inner main_color  avia-full-stretch' style = 'background-color: #b1d671; background-repeat: no-repeat; background-image: url(https:\/\/www.atlassegud.ee\/wp-content\/uploads\/2017\/08\/Atlas-maja2.jpg); background-attachment: scroll; background-position: top center; ' ><\/div><\/div><div class='container' ><div class='template-page content  av-content-small alpha units'><div class='post-entry post-entry-type-page post-entry-575'><div class='entry-content-wrapper clearfix'><\/div><\/div><\/div><!-- close content main div --><\/div><\/div><div id='after_section_1' class='main_color av_default_container_wrap container_wrap sidebar_right'   ><div class='container' ><div class='template-page content  av-content-small alpha units'><div class='post-entry post-entry-type-page post-entry-575'><div class='entry-content-wrapper clearfix'>\n<div class=\"flex_column av_one_full  flex_column_div first  general-content-area \" style='padding:40px 40px 0px 40px ; border-radius:0px; '><p><div class='avia-image-container  av-styling-   product-main-logo avia-align-left '  itemscope=\"itemscope\" itemtype=\"https:\/\/schema.org\/ImageObject\"  ><div class='avia-image-container-inner'><img class='avia_image ' src='https:\/\/www.atlassegud.ee\/wp-content\/uploads\/2017\/09\/soudal-300x150.png' alt='' title='soudal'   itemprop=\"thumbnailUrl\"  \/><\/div><\/div><br \/>\n<section class=\"av_textblock_section\"  itemscope=\"itemscope\" itemtype=\"https:\/\/schema.org\/CreativeWork\" ><div class='avia_textblock '   itemprop=\"text\" ><p>Listalta l\u00f6ytyy paikanp\u00e4\u00e4ll\u00e4 olevat tuotteet.Muut tuotteet tilaamisella!<\/p>\n<p>SOUDAL 310g T-REX L\u00c4BIPAISTEV<br \/>\nSOUDAL 380G T-REX KOHESE NAKKEGA<br \/>\nSOUDAL CYANOFIX 84A BLISTER 20G<br \/>\nSOUDAL FIX ALL HIGH TACK 290ml valge<br \/>\nSOUDAL FIX ALL Turbo 290ml valge<br \/>\nSOUDAL MONTAAZILIIM 49A<br \/>\nSOUDAL PLAADILIIM Super 24A 310ml<br \/>\nSOUDAL P\u00dcSTOLIVAHT KOLLANE TALV. 750ml<br \/>\nSOUDAL SILIKOON SANITAARNE hall 300ml<br \/>\nSOUDAL SILIKOON SANITAARNE l\u00e4bipaistev 300ml<br \/>\nSOUDAL SILIKOON SANITAARNE valge 300ml<br \/>\nSOUDAL SWIPEX (20tk)<br \/>\nSOUDAL VAHT Gun 750ml<br \/>\nAKR\u00dc\u00dcL SOUDAL 300ml Ekspress<br \/>\nAKR\u00dc\u00dcL SOUDAL 310ml<\/p>\n<\/div><\/section><\/p><\/div>\n","protected":false},"excerpt":{"rendered":"","protected":false},"author":1,"featured_media":0,"parent":544,"menu_order":14,"comment_status":"closed","ping_status":"closed","template":"","meta":{"footnotes":""},"_links":{"self":[{"href":"https:\/\/www.atlassegud.ee\/fi\/wp-json\/wp\/v2\/pages\/575"}],"collection":[{"href":"https:\/\/www.atlassegud.ee\/fi\/wp-json\/wp\/v2\/pages"}],"about":[{"href":"https:\/\/www.atlassegud.ee\/fi\/wp-json\/wp\/v2\/types\/page"}],"author":[{"embeddable":true,"href":"https:\/\/www.atlassegud.ee\/fi\/wp-json\/wp\/v2\/users\/1"}],"replies":[{"embeddable":true,"href":"https:\/\/www.atlassegud.ee\/fi\/wp-json\/wp\/v2\/comments?post=575"}],"version-history":[{"count":7,"href":"https:\/\/www.atlassegud.ee\/fi\/wp-json\/wp\/v2\/pages\/575\/revisions"}],"predecessor-version":[{"id":1785,"href":"https:\/\/www.atlassegud.ee\/fi\/wp-json\/wp\/v2\/pages\/575\/revisions\/1785"}],"up":[{"embeddable":true,"href":"https:\/\/www.atlassegud.ee\/fi\/wp-json\/wp\/v2\/pages\/544"}],"wp:attachment":[{"href":"https:\/\/www.atlassegud.ee\/fi\/wp-json\/wp\/v2\/media?parent=575"}],"curies":[{"name":"wp","href":"https:\/\/api.w.org\/{rel}","templated":true}]}}