{"id":572,"date":"2017-11-06T16:20:46","date_gmt":"2017-11-06T14:20:46","guid":{"rendered":"http:\/\/www.atlassegud.ee\/tuotteet\/penosil\/"},"modified":"2024-11-11T13:12:33","modified_gmt":"2024-11-11T11:12:33","slug":"penosil","status":"publish","type":"page","link":"https:\/\/www.atlassegud.ee\/fi\/tuotteet\/penosil\/","title":{"rendered":"PENOSIL"},"content":{"rendered":"<\/div><\/div><\/div><!-- close content main div --><\/div><\/div><div id='av_section_1' class='avia-section main_color avia-section-default avia-no-shadow av-parallax-section avia-bg-style-parallax  topbg-img container_wrap sidebar_right' style = 'background-color: #b1d671; ' data-section-bg-repeat='no-repeat' ><div class='av-parallax' data-avia-parallax-ratio='0.3' ><div class='av-parallax-inner main_color  avia-full-stretch' style = 'background-color: #b1d671; background-repeat: no-repeat; background-image: url(https:\/\/www.atlassegud.ee\/wp-content\/uploads\/2017\/08\/Atlas-maja2.jpg); background-attachment: scroll; background-position: top center; ' ><\/div><\/div><div class='container' ><div class='template-page content  av-content-small alpha units'><div class='post-entry post-entry-type-page post-entry-572'><div class='entry-content-wrapper clearfix'><\/div><\/div><\/div><!-- close content main div --><\/div><\/div><div id='after_section_1' class='main_color av_default_container_wrap container_wrap sidebar_right'   ><div class='container' ><div class='template-page content  av-content-small alpha units'><div class='post-entry post-entry-type-page post-entry-572'><div class='entry-content-wrapper clearfix'>\n<div class=\"flex_column av_one_full  flex_column_div first  general-content-area \" style='padding:40px 40px 0px 40px ; border-radius:0px; '><p><div class='avia-image-container  av-styling-   product-main-logo avia-align-left '  itemscope=\"itemscope\" itemtype=\"https:\/\/schema.org\/ImageObject\"  ><div class='avia-image-container-inner'><img class='avia_image ' src='https:\/\/www.atlassegud.ee\/wp-content\/uploads\/2017\/09\/penosil-300x150.png' alt='' title='penosil'   itemprop=\"thumbnailUrl\"  \/><\/div><\/div><br \/>\n<section class=\"av_textblock_section\"  itemscope=\"itemscope\" itemtype=\"https:\/\/schema.org\/CreativeWork\" ><div class='avia_textblock '   itemprop=\"text\" ><p>Listalta l\u00f6ytyy paikanp\u00e4\u00e4ll\u00e4 olevat tuotteet.Muut tuotteet tilaamisella!<\/p>\n<p>PENOSIL BET PRIMER 10L<br \/>\nPENOSIL BET PRIMER 1L<br \/>\nPENOSIL BET PRIMER 3L<br \/>\nPENOSIL TULEKINDEL GUN 750ml<br \/>\nPENOSIL UNIV SILIKOON hall 310ml<br \/>\nPENOSIL UNIV SILIKOON valge 310ml<br \/>\nPENOSIL UNIV SILIKOON v\u00e4rvitu 310ml<br \/>\nPOLYSTYROL FIX<br \/>\nPREMIUM ALL WEATHER SEALANT 310ml<br \/>\nPREMIUM AQUABRAKE FABRIC 10m2<br \/>\nPREMIUM AQUABRAKE FABRIC 5m2<br \/>\nPREMIUM CLEANER 500ml<br \/>\nPREMIUM GUNFOAM 750ml<br \/>\nPREMIUM SANITARE SILICONE HALL 310ml<br \/>\nPREMIUM SANITARE SILICONE VALGE 310ml<br \/>\nPREMIUM SANITARE SILICONETRANSP. 310ml<\/p>\n<\/div><\/section><\/p><\/div>\n","protected":false},"excerpt":{"rendered":"","protected":false},"author":1,"featured_media":0,"parent":544,"menu_order":11,"comment_status":"closed","ping_status":"closed","template":"","meta":{"footnotes":""},"_links":{"self":[{"href":"https:\/\/www.atlassegud.ee\/fi\/wp-json\/wp\/v2\/pages\/572"}],"collection":[{"href":"https:\/\/www.atlassegud.ee\/fi\/wp-json\/wp\/v2\/pages"}],"about":[{"href":"https:\/\/www.atlassegud.ee\/fi\/wp-json\/wp\/v2\/types\/page"}],"author":[{"embeddable":true,"href":"https:\/\/www.atlassegud.ee\/fi\/wp-json\/wp\/v2\/users\/1"}],"replies":[{"embeddable":true,"href":"https:\/\/www.atlassegud.ee\/fi\/wp-json\/wp\/v2\/comments?post=572"}],"version-history":[{"count":7,"href":"https:\/\/www.atlassegud.ee\/fi\/wp-json\/wp\/v2\/pages\/572\/revisions"}],"predecessor-version":[{"id":1781,"href":"https:\/\/www.atlassegud.ee\/fi\/wp-json\/wp\/v2\/pages\/572\/revisions\/1781"}],"up":[{"embeddable":true,"href":"https:\/\/www.atlassegud.ee\/fi\/wp-json\/wp\/v2\/pages\/544"}],"wp:attachment":[{"href":"https:\/\/www.atlassegud.ee\/fi\/wp-json\/wp\/v2\/media?parent=572"}],"curies":[{"name":"wp","href":"https:\/\/api.w.org\/{rel}","templated":true}]}}