{"id":571,"date":"2017-11-06T16:20:36","date_gmt":"2017-11-06T14:20:36","guid":{"rendered":"http:\/\/www.atlassegud.ee\/tuotteet\/mira\/"},"modified":"2024-11-11T13:12:25","modified_gmt":"2024-11-11T11:12:25","slug":"mira","status":"publish","type":"page","link":"https:\/\/www.atlassegud.ee\/fi\/tuotteet\/mira\/","title":{"rendered":"MIRA"},"content":{"rendered":"<\/div><\/div><\/div><!-- close content main div --><\/div><\/div><div id='av_section_1' class='avia-section main_color avia-section-default avia-no-shadow av-parallax-section avia-bg-style-parallax  topbg-img container_wrap sidebar_right' style = 'background-color: #b1d671; ' data-section-bg-repeat='no-repeat' ><div class='av-parallax' data-avia-parallax-ratio='0.3' ><div class='av-parallax-inner main_color  avia-full-stretch' style = 'background-color: #b1d671; background-repeat: no-repeat; background-image: url(https:\/\/www.atlassegud.ee\/wp-content\/uploads\/2017\/08\/Atlas-maja2.jpg); background-attachment: scroll; background-position: top center; ' ><\/div><\/div><div class='container' ><div class='template-page content  av-content-small alpha units'><div class='post-entry post-entry-type-page post-entry-571'><div class='entry-content-wrapper clearfix'><\/div><\/div><\/div><!-- close content main div --><\/div><\/div><div id='after_section_1' class='main_color av_default_container_wrap container_wrap sidebar_right'   ><div class='container' ><div class='template-page content  av-content-small alpha units'><div class='post-entry post-entry-type-page post-entry-571'><div class='entry-content-wrapper clearfix'>\n<div class=\"flex_column av_one_full  flex_column_div first  general-content-area \" style='padding:40px 40px 0px 40px ; border-radius:0px; '><p><div class='avia-image-container  av-styling-   product-main-logo avia-align-left '  itemscope=\"itemscope\" itemtype=\"https:\/\/schema.org\/ImageObject\"  ><div class='avia-image-container-inner'><img class='avia_image ' src='https:\/\/www.atlassegud.ee\/wp-content\/uploads\/2017\/09\/mira-1-300x150.png' alt='' title='mira'   itemprop=\"thumbnailUrl\"  \/><\/div><\/div><br \/>\n<section class=\"av_textblock_section\"  itemscope=\"itemscope\" itemtype=\"https:\/\/schema.org\/CreativeWork\" ><div class='avia_textblock '   itemprop=\"text\" ><p>Listalta l\u00f6ytyy paikanp\u00e4\u00e4ll\u00e4 olevat tuotteet.Muut tuotteet tilaamisella!<\/p>\n<p><strong>EHITUSSEGUD<\/strong><br \/>\nMIRA 3100 Unifix 25kg<br \/>\nMIRA 3110 unifix 25kg<br \/>\nMIRA 3130 Superfix 15kg<br \/>\nMIRA 3130 SUPERFIX 5kg<br \/>\nMIRA 3230 Rapidfix 15kg<br \/>\nMIRA 3230 SUPERRAPIDFIX 5kg<br \/>\nMIRA 4180 5,0kg PRIMER<br \/>\nMIRA 4180 1,0kg PRIMER<br \/>\nMIRA 4400 Multicoat 15kg<br \/>\nMIRA 4550 200mm<br \/>\nMIRA 5100 ECOFIX 25kg<br \/>\nMIRA 5300 NETFIX 25kg<br \/>\nMIRA 5335 valge 15kg<br \/>\nMIRA 6700 CEMPLAN 25kg<br \/>\nMIRA 7130 ceramic oil 1L<br \/>\nMIRA 6810 25kg<br \/>\nMIRA 6950 EXPRESS 15kg<br \/>\nMIRA 7210 CERAMIC WACH 1L<br \/>\nMIRA X-PLAN 25kg<\/p>\n<p><strong>SILIKOONID JA VUUGISEGUD<\/strong><br \/>\nMIRA 100 SIL 300ml (112,114,115,116,120,121,123,130,131,132,133,135,138,140,144,147,148,170,182,2900)<br \/>\nMIRA 3690 One-Seal 300ml<br \/>\nMIRA 5330 AKR\u00dc\u00dcL 300ml<br \/>\nMIRA SUPERCOLOUR 1,2kg (100,112,114,115,116,120,121,130,131,132,133,135,138,140,144,147,160,1650,<br \/>\n170,180,182,1900,2700,2800)<br \/>\nMIRA SUPERCOLOUR 2600 2kg<br \/>\nMIRA SUPERCOLOUR 5kg (100,112,114,115,116,120,121,123,130,131,132,133,135,138,140,144,147,148,180)<br \/>\nMIRA SUPERCOLOUR 15kg (100,114,115,116,120,121,123)<br \/>\nMIRA MULTIBOX 120 10kg<br \/>\nMIRA RUSTIC 6kg (130,148)<br \/>\nMIRA RUSTIC 15kg (116,120,121,123,130)<\/p>\n<p><strong>PLAADIL\u00d5IKURID JA TARVIKUD<\/strong><br \/>\nPLAADIL\u00d5IKUR Sigma 2G ( 37cm )<br \/>\nPLAADIL\u00d5IKUR SIGMA 3B4 ( 67cm )<br \/>\nPLAADIL\u00d5IKUR Sigma 3C2 ( 77cm )<br \/>\nPLAADIL\u00d5IKUR Sigma 3D3M ( 90cm )<br \/>\nPLAADIL\u00d5IKUR Sigma 3D2 ( 95cm )<br \/>\nPLAADIL\u00d5IKUR SIGMA 3E4M( 127cm )<br \/>\nPLAADIL\u00d5IKUR SIGMA 3F3M (151CM)<br \/>\nPLAADIL\u00d5IKUR Sigma 3L ( 55cm )<br \/>\nSIGMA FREES 60mm<br \/>\nSIGMA FREES 40mm<br \/>\nSIGMA FREES 53035 35MM<br \/>\nSIGMA FREES 53070 70MM<br \/>\nSIGMA FREES 70mm<br \/>\nSIGMA JOONLAUD 19D<br \/>\nSIGMA JOONLAUD ART 90LB<br \/>\nSIGMA K\u00c4EPIDE 24E<br \/>\nSIGMA K\u00c4EPIDE 24F<br \/>\nSIGMA KOHVER ( art.43 )<br \/>\nSIGMA LIHVIJA RAKIS 37A1<br \/>\nSigma l\u00f5ikeketas 75B<br \/>\nSIGMA L\u00d5IKEKETAS 75C<br \/>\nSIGMA PLAADIL\u00d5IKURI VARUTERA 14T<br \/>\nSIGMA pll. VARUTERA suur<br \/>\nSIGMA pll. VARUTERA v\u00e4ike<br \/>\nSIGMA TALD<br \/>\nSIGMA VARUOSA art.108621<br \/>\nSIGMA VARUOSA RULLIK art.10144<\/p>\n<\/div><\/section><\/p><\/div>\n","protected":false},"excerpt":{"rendered":"","protected":false},"author":1,"featured_media":0,"parent":544,"menu_order":10,"comment_status":"closed","ping_status":"closed","template":"","meta":{"footnotes":""},"_links":{"self":[{"href":"https:\/\/www.atlassegud.ee\/fi\/wp-json\/wp\/v2\/pages\/571"}],"collection":[{"href":"https:\/\/www.atlassegud.ee\/fi\/wp-json\/wp\/v2\/pages"}],"about":[{"href":"https:\/\/www.atlassegud.ee\/fi\/wp-json\/wp\/v2\/types\/page"}],"author":[{"embeddable":true,"href":"https:\/\/www.atlassegud.ee\/fi\/wp-json\/wp\/v2\/users\/1"}],"replies":[{"embeddable":true,"href":"https:\/\/www.atlassegud.ee\/fi\/wp-json\/wp\/v2\/comments?post=571"}],"version-history":[{"count":8,"href":"https:\/\/www.atlassegud.ee\/fi\/wp-json\/wp\/v2\/pages\/571\/revisions"}],"predecessor-version":[{"id":1779,"href":"https:\/\/www.atlassegud.ee\/fi\/wp-json\/wp\/v2\/pages\/571\/revisions\/1779"}],"up":[{"embeddable":true,"href":"https:\/\/www.atlassegud.ee\/fi\/wp-json\/wp\/v2\/pages\/544"}],"wp:attachment":[{"href":"https:\/\/www.atlassegud.ee\/fi\/wp-json\/wp\/v2\/media?parent=571"}],"curies":[{"name":"wp","href":"https:\/\/api.w.org\/{rel}","templated":true}]}}