{"id":570,"date":"2017-11-06T16:20:32","date_gmt":"2017-11-06T14:20:32","guid":{"rendered":"http:\/\/www.atlassegud.ee\/tuotteet\/knauf\/"},"modified":"2024-11-11T13:12:07","modified_gmt":"2024-11-11T11:12:07","slug":"knauf","status":"publish","type":"page","link":"https:\/\/www.atlassegud.ee\/fi\/tuotteet\/knauf\/","title":{"rendered":"KNAUF"},"content":{"rendered":"<\/div><\/div><\/div><!-- close content main div --><\/div><\/div><div id='av_section_1' class='avia-section main_color avia-section-default avia-no-shadow av-parallax-section avia-bg-style-parallax  topbg-img container_wrap sidebar_right' style = 'background-color: #b1d671; ' data-section-bg-repeat='no-repeat' ><div class='av-parallax' data-avia-parallax-ratio='0.3' ><div class='av-parallax-inner main_color  avia-full-stretch' style = 'background-color: #b1d671; background-repeat: no-repeat; background-image: url(https:\/\/www.atlassegud.ee\/wp-content\/uploads\/2017\/08\/Atlas-maja2.jpg); background-attachment: scroll; background-position: top center; ' ><\/div><\/div><div class='container' ><div class='template-page content  av-content-small alpha units'><div class='post-entry post-entry-type-page post-entry-570'><div class='entry-content-wrapper clearfix'><\/div><\/div><\/div><!-- close content main div --><\/div><\/div><div id='after_section_1' class='main_color av_default_container_wrap container_wrap sidebar_right'   ><div class='container' ><div class='template-page content  av-content-small alpha units'><div class='post-entry post-entry-type-page post-entry-570'><div class='entry-content-wrapper clearfix'>\n<div class=\"flex_column av_one_full  flex_column_div first  general-content-area \" style='padding:40px 40px 0px 40px ; border-radius:0px; '><p><div class='avia-image-container  av-styling-   product-main-logo avia-align-left '  itemscope=\"itemscope\" itemtype=\"https:\/\/schema.org\/ImageObject\"  ><div class='avia-image-container-inner'><img class='avia_image ' src='https:\/\/www.atlassegud.ee\/wp-content\/uploads\/2017\/09\/knauf-300x150.png' alt='' title='knauf'   itemprop=\"thumbnailUrl\"  \/><\/div><\/div><br \/>\n<section class=\"av_textblock_section\"  itemscope=\"itemscope\" itemtype=\"https:\/\/schema.org\/CreativeWork\" ><div class='avia_textblock '   itemprop=\"text\" ><p>Listalta l\u00f6ytyy paikanp\u00e4\u00e4ll\u00e4 olevat tuotteet.Muut tuotteet tilaamisella!<\/p>\n<p><strong>EHITUSSEGUD, PAHTLID JA H\u00dcDROISOLATSIOON<\/strong><br \/>\nKNAUF BETOKONTAKT 1kg<br \/>\nKNAUF BETOKONTAKT 20kg<br \/>\nKNAUF BETOKONTAKT 5kg<br \/>\nKNAUF ELEKTRIKERGKIPS 5kg<br \/>\nKNAUF FLASHENDICHT BLAU 25kg<br \/>\nKNAUF HAFTEMULSION 15kg<br \/>\nKNAUF HAFTEMULSION 5kg<br \/>\nKNAUF FILL &amp; FINISH LIGHT KERGPAHTEL sinine 20kg<br \/>\nKNAUF FILL &amp; FINISH LIGHT KERGPAHTEL sinine 11,5KG<br \/>\nKNAUF SUPER FINISH UNIVERSAALPAHTEL roheline 28kg<br \/>\nKNAUF SUPER FINISH UNIVERSAALPAHTEL roheline 5,4kg<\/p>\n<p><strong>EHITUSPLAADID<\/strong><br \/>\nAQUAPANEL CEMENT BOARD OUTDOOR 900x2400x12,5mm<br \/>\nHELIISOLATSIOONIPLAAT SILENTBOARD 625x2400x12,5mm<br \/>\nKIPSPLAAT e.tugev 1,2&#215;3,0 pruun<br \/>\nKIPSPLAAT PL 1,2&#215;3,0 valge<br \/>\nKIPSPLAAT 1,2&#215;3,0 12,5mm blue<br \/>\nKIPSPLAAT 1,2&#215;3,2m valge<br \/>\nKIPSPLAAT 1,2&#215;3,3m valge<br \/>\nKIPSPLAAT 6,5mmx1,2&#215;2,6 valge<br \/>\nKIPSPLAAT HABITO 1,2&#215;3,0<br \/>\nKIPSPLAAT KNAUF BLUE 1,2&#215;2,0x15mm<br \/>\nKIPSPLAAT NK 1,2&#215;2,6 roheline<br \/>\nKIPSPLAAT NK 1,2&#215;3 roheline<br \/>\nKIPSPLAAT PL 1,2&#215;2,2 valge<br \/>\nKIPSPLAAT PL 1,2&#215;2,4 valge<br \/>\nKIPSPLAAT PL 1,2&#215;2,6 valge<br \/>\nKIPSPLAAT PL 1,2&#215;2,7 valge<br \/>\nKIPSPLAAT PL 1,2&#215;2,8 valge<br \/>\nKIPSPLAAT PL 1,2&#215;3,1m<br \/>\nKIPSPLAAT PL 1,2&#215;3,3m<\/p>\n<p><strong>EHITUSSEGUD JA TARVIKUD<\/strong><br \/>\nKNAUF HALLITUSE EEMALDUSVAHEND 750ml<br \/>\nKNAUF H\u00dcDROISOL. 0,1x25m<br \/>\nKNAUF H\u00dcDROISOL.KANGAS 0,1&#215;100<br \/>\nKNAUF INTENSIIVPUHASTUSVAHEND 1L<br \/>\nKNAUF K-2 25kg<br \/>\nKNAUF K-4 25kg<br \/>\nKNAUF KLAASKIUD VUUGILINT 50x25m<br \/>\nKNAUF KLINKRI JA KERAMILISTE PLAATIDE \u00d5LI 1LCOTTO OEL 1L<br \/>\nKNAUF MP-75 30kg<br \/>\nKNAUF NURGAPROFIIL 52x30m<br \/>\nKNAUF PABER VUUGILINT 50x150m<br \/>\nKNAUF PABER VUUGILINT 50x23m<br \/>\nKNAUF PABER VUUGILINT 50x75m<br \/>\nKNAUF PERLFIX 12kg<br \/>\nKNAUF PERLFIX 30kg<br \/>\nKNAUF ROTBAND 10kg<br \/>\nKNAUF ROTBAND 30kg<br \/>\nKNAUF SILIKOONI EEMALDUSVAHEND 250ml<br \/>\nKNAUF STUC-PRIMER 15kg<br \/>\nKNAUF STUC-PRIMER 5kg<br \/>\nKNAUF TIEFENGRUND 15L<br \/>\nKNAUF TIEFENGRUND 1L<br \/>\nKNAUF TIEFENGRUND 5L<br \/>\nKNAUF TSEMENDIJ\u00c4\u00c4KIDE PUHASTUSVAHEND 1L<br \/>\nKNAUF UNIFLOT vuugipahtel 25kg<br \/>\nKNAUF UNIFLOT vuugipahtel 5kg<br \/>\nKNAUF V\u00d5RKVUUGILINT 50x90m<br \/>\nKNAUF VUUGILINT KURT 50x25m<br \/>\nKNAUF VUUGILINT KURT 50x75m<br \/>\nKNAUF VUUGIPUHASTUSVAHEND 750ml<\/p>\n<p><strong>KIPSILUUGID<\/strong><br \/>\nKNAUF REVO LUUK 200mm<br \/>\nKNAUF REVO LUUK 300mm<br \/>\nKNAUF REVO LUUK 400mm<br \/>\nKNAUF REVO LUUK 500mm<br \/>\nKNAUF REVO LUUK 600mm<\/p>\n<p><strong>KNAUF KARKASS JA TARVIKUD<\/strong><br \/>\nANKURVINKEL CD-02<br \/>\nCD-60 laeprofiil 3,0m<br \/>\nCD-60 laeprofiil 4,0m<br \/>\nKINNITUS CD-01<br \/>\nPOST CW 42\/35 2,6m<br \/>\nPOST CW 42\/35 3,0m<br \/>\nPOST CW 95\/35 2,6m<br \/>\nPOST CW 95\/35 3,0m<br \/>\nRIPUTUSVARRAS 1000<br \/>\nRIPUTUSVARRAS 500<br \/>\nRISTSIDE CD-09<br \/>\nUD-28 laeprofiil 28\/27\/3,0m<br \/>\nV\u00d6\u00d6 UW 42\/30 3,0m<br \/>\nV\u00d6\u00d6 UW 66\/30 3,0m<br \/>\nV\u00d6\u00d6 UW 95\/30\/3,0m<\/p>\n<p><strong>KNAUF SOOJUSTUSMATERJALID<\/strong><br \/>\nKNAUF TP115 50\/610\/1250 12,2 m2\/pk<br \/>\nKNAUF TP115 66\/610\/1250 9,15 m2\/pk<br \/>\nKNAUF TP115 100\/610\/1250 6,1m2 \/pk<br \/>\nKNAUF TP115 75\/610\/1250 7,63M2\/PAKK<\/p>\n<\/div><\/section><\/p><\/div>\n","protected":false},"excerpt":{"rendered":"","protected":false},"author":1,"featured_media":0,"parent":544,"menu_order":8,"comment_status":"closed","ping_status":"closed","template":"","meta":{"footnotes":""},"_links":{"self":[{"href":"https:\/\/www.atlassegud.ee\/fi\/wp-json\/wp\/v2\/pages\/570"}],"collection":[{"href":"https:\/\/www.atlassegud.ee\/fi\/wp-json\/wp\/v2\/pages"}],"about":[{"href":"https:\/\/www.atlassegud.ee\/fi\/wp-json\/wp\/v2\/types\/page"}],"author":[{"embeddable":true,"href":"https:\/\/www.atlassegud.ee\/fi\/wp-json\/wp\/v2\/users\/1"}],"replies":[{"embeddable":true,"href":"https:\/\/www.atlassegud.ee\/fi\/wp-json\/wp\/v2\/comments?post=570"}],"version-history":[{"count":12,"href":"https:\/\/www.atlassegud.ee\/fi\/wp-json\/wp\/v2\/pages\/570\/revisions"}],"predecessor-version":[{"id":1803,"href":"https:\/\/www.atlassegud.ee\/fi\/wp-json\/wp\/v2\/pages\/570\/revisions\/1803"}],"up":[{"embeddable":true,"href":"https:\/\/www.atlassegud.ee\/fi\/wp-json\/wp\/v2\/pages\/544"}],"wp:attachment":[{"href":"https:\/\/www.atlassegud.ee\/fi\/wp-json\/wp\/v2\/media?parent=570"}],"curies":[{"name":"wp","href":"https:\/\/api.w.org\/{rel}","templated":true}]}}