{"id":565,"date":"2017-11-06T16:19:50","date_gmt":"2017-11-06T14:19:50","guid":{"rendered":"http:\/\/www.atlassegud.ee\/tuotteet\/estplast\/"},"modified":"2024-11-11T13:11:38","modified_gmt":"2024-11-11T11:11:38","slug":"estplast","status":"publish","type":"page","link":"https:\/\/www.atlassegud.ee\/fi\/tuotteet\/estplast\/","title":{"rendered":"ESTPLAST"},"content":{"rendered":"<\/div><\/div><\/div><!-- close content main div --><\/div><\/div><div id='av_section_1' class='avia-section main_color avia-section-default avia-no-shadow av-parallax-section avia-bg-style-parallax  topbg-img container_wrap sidebar_right' style = 'background-color: #b1d671; ' data-section-bg-repeat='no-repeat' ><div class='av-parallax' data-avia-parallax-ratio='0.3' ><div class='av-parallax-inner main_color  avia-full-stretch' style = 'background-color: #b1d671; background-repeat: no-repeat; background-image: url(https:\/\/www.atlassegud.ee\/wp-content\/uploads\/2017\/08\/Atlas-maja2.jpg); background-attachment: scroll; background-position: top center; ' ><\/div><\/div><div class='container' ><div class='template-page content  av-content-small alpha units'><div class='post-entry post-entry-type-page post-entry-565'><div class='entry-content-wrapper clearfix'><\/div><\/div><\/div><!-- close content main div --><\/div><\/div><div id='after_section_1' class='main_color av_default_container_wrap container_wrap sidebar_right'   ><div class='container' ><div class='template-page content  av-content-small alpha units'><div class='post-entry post-entry-type-page post-entry-565'><div class='entry-content-wrapper clearfix'>\n<div class=\"flex_column av_one_full  flex_column_div first  general-content-area \" style='padding:40px 40px 0px 40px ; border-radius:0px; '><p><div class='avia-image-container  av-styling-   product-main-logo avia-align-left '  itemscope=\"itemscope\" itemtype=\"https:\/\/schema.org\/ImageObject\"  ><div class='avia-image-container-inner'><img class='avia_image ' src='https:\/\/www.atlassegud.ee\/wp-content\/uploads\/2017\/09\/estplast-300x150.png' alt='' title='estplast'   itemprop=\"thumbnailUrl\"  \/><\/div><\/div><br \/>\n<section class=\"av_textblock_section\"  itemscope=\"itemscope\" itemtype=\"https:\/\/schema.org\/CreativeWork\" ><div class='avia_textblock '   itemprop=\"text\" ><p>Listalta l\u00f6ytyy paikanp\u00e4\u00e4ll\u00e4 olevat tuotteet.Muut tuotteet tilaamisella!<\/p>\n<p>EPS-100\u00a0100mm<br \/>\nEPS-100 50mm<br \/>\nEPS-60 FASSAAD 20mm<br \/>\nEPS-60 FASSAAD 25mm<br \/>\nEPS-60 FASSAAD 50mm<br \/>\nEPS-60 FASSAAD 100mm<br \/>\nEPS-80 100mm<br \/>\nEPS-100 25mm<br \/>\nEPS-100 20mm<br \/>\nEPS-100 10mm<br \/>\nEPS-100\u00a0150mm<br \/>\nEPS-120\u00a0150mm<br \/>\nEPS-120\u00a0175mm<br \/>\nEPS-120\u00a0200mm<br \/>\nEPS-120 PERIMEETER 150mm<br \/>\nEPS-200 PERIMEETER 100mm<br \/>\nEPS-60\u00a0100mm 1,2\u00d72,0m<br \/>\nEPS-60 FASSAAD 10 mm<br \/>\nEPS-60 FASSAAD 150mm<br \/>\nEPS-60 FASSAAD 200mm<br \/>\nEPS-60 FASSAAD 250mm<br \/>\nEPS-60 FASSAAD 300mm<br \/>\nEPS-60 FASSAAD 350mm<br \/>\nEPS-60 SILVER 150mm<br \/>\nEPS-60 SILVER 200mm<br \/>\nEPS-60 SILVER 250mm<br \/>\nEPS-60 SILVER FAS 100mm<br \/>\nEPS-80 20mm<br \/>\nEPS-80 25mm<br \/>\nEPS-80 50mm<br \/>\nFFPIR 150 ALK PIR BOARDS 150x600x2400<br \/>\nFL 500\/50 XPS-PLAAT50x585x2485mm<br \/>\nFL500\/100P XPS-PLAAT 100x585x1235mm<br \/>\nFL500\/50P XPS-PLAAT 50x585x1235mm<\/p>\n<\/div><\/section><\/p><\/div>\n","protected":false},"excerpt":{"rendered":"","protected":false},"author":1,"featured_media":0,"parent":544,"menu_order":3,"comment_status":"closed","ping_status":"closed","template":"","meta":{"footnotes":""},"_links":{"self":[{"href":"https:\/\/www.atlassegud.ee\/fi\/wp-json\/wp\/v2\/pages\/565"}],"collection":[{"href":"https:\/\/www.atlassegud.ee\/fi\/wp-json\/wp\/v2\/pages"}],"about":[{"href":"https:\/\/www.atlassegud.ee\/fi\/wp-json\/wp\/v2\/types\/page"}],"author":[{"embeddable":true,"href":"https:\/\/www.atlassegud.ee\/fi\/wp-json\/wp\/v2\/users\/1"}],"replies":[{"embeddable":true,"href":"https:\/\/www.atlassegud.ee\/fi\/wp-json\/wp\/v2\/comments?post=565"}],"version-history":[{"count":6,"href":"https:\/\/www.atlassegud.ee\/fi\/wp-json\/wp\/v2\/pages\/565\/revisions"}],"predecessor-version":[{"id":1769,"href":"https:\/\/www.atlassegud.ee\/fi\/wp-json\/wp\/v2\/pages\/565\/revisions\/1769"}],"up":[{"embeddable":true,"href":"https:\/\/www.atlassegud.ee\/fi\/wp-json\/wp\/v2\/pages\/544"}],"wp:attachment":[{"href":"https:\/\/www.atlassegud.ee\/fi\/wp-json\/wp\/v2\/media?parent=565"}],"curies":[{"name":"wp","href":"https:\/\/api.w.org\/{rel}","templated":true}]}}