{"id":563,"date":"2017-11-06T16:19:32","date_gmt":"2017-11-06T14:19:32","guid":{"rendered":"http:\/\/www.atlassegud.ee\/tuotteet\/ejot\/"},"modified":"2024-11-11T13:11:28","modified_gmt":"2024-11-11T11:11:28","slug":"ejot","status":"publish","type":"page","link":"https:\/\/www.atlassegud.ee\/fi\/tuotteet\/ejot\/","title":{"rendered":"EJOT"},"content":{"rendered":"<\/div><\/div><\/div><!-- close content main div --><\/div><\/div><div id='av_section_1' class='avia-section main_color avia-section-default avia-no-shadow av-parallax-section avia-bg-style-parallax  topbg-img container_wrap sidebar_right' style = 'background-color: #b1d671; ' data-section-bg-repeat='no-repeat' ><div class='av-parallax' data-avia-parallax-ratio='0.3' ><div class='av-parallax-inner main_color  avia-full-stretch' style = 'background-color: #b1d671; background-repeat: no-repeat; background-image: url(https:\/\/www.atlassegud.ee\/wp-content\/uploads\/2017\/08\/Atlas-maja2.jpg); background-attachment: scroll; background-position: top center; ' ><\/div><\/div><div class='container' ><div class='template-page content  av-content-small alpha units'><div class='post-entry post-entry-type-page post-entry-563'><div class='entry-content-wrapper clearfix'><\/div><\/div><\/div><!-- close content main div --><\/div><\/div><div id='after_section_1' class='main_color av_default_container_wrap container_wrap sidebar_right'   ><div class='container' ><div class='template-page content  av-content-small alpha units'><div class='post-entry post-entry-type-page post-entry-563'><div class='entry-content-wrapper clearfix'>\n<div class=\"flex_column av_one_full  flex_column_div first  general-content-area \" style='padding:40px 40px 0px 40px ; border-radius:0px; '><p><div class='avia-image-container  av-styling-   product-main-logo avia-align-left '  itemscope=\"itemscope\" itemtype=\"https:\/\/schema.org\/ImageObject\"  ><div class='avia-image-container-inner'><img class='avia_image ' src='https:\/\/www.atlassegud.ee\/wp-content\/uploads\/2017\/09\/ejot-300x150.png' alt='' title='ejot'   itemprop=\"thumbnailUrl\"  \/><\/div><\/div><br \/>\n<section class=\"av_textblock_section\"  itemscope=\"itemscope\" itemtype=\"https:\/\/schema.org\/CreativeWork\" ><div class='avia_textblock '   itemprop=\"text\" ><p>Listalta l\u00f6ytyy paikanp\u00e4\u00e4ll\u00e4 olevat tuotteet.Muut tuotteet tilaamisella!<\/p>\n<p><strong>LIISTUD JA PROFIILID<\/strong><br \/>\nEJOT 3125 GKP 2,5m<br \/>\nEJOT 3125 GKP 3m<br \/>\nEJOT 4000 34&#215;34 2,5m<br \/>\nEJOT 4000 34&#215;34 3m<br \/>\nEJOT 4100 6mm 2,6m<br \/>\nEJOT 4100 6mm 3m<br \/>\nEJOT 4101 10mm 2,6m<br \/>\nEJOT 4101 10mm 3,0m<br \/>\nEJOT 5000D 23&#215;23 2,5m<br \/>\nEJOT 5000D 23&#215;23 3m<br \/>\nEJOT 5001 10&#215;23 2,5M<br \/>\nEJOT 5001 10&#215;23 3M<br \/>\nEJOT 5003 25&#215;25 2,5M<br \/>\nEJOT 5003 25&#215;25 3,0M<br \/>\nEJOT 5004 24&#215;24 2,5m<br \/>\nEJOT 5004 24&#215;24 3,0m<br \/>\nEJOT 5006 31&#215;31 2,5m<br \/>\nEJOT 5006 31&#215;31 3m<br \/>\nEJOT 6001 2,5m<br \/>\nEJOT 6224 2,5m<\/p>\n<p><strong>T\u00dc\u00dcBLID JA TARVIKUD<\/strong><br \/>\nT\u00dc\u00dcBEL H1 ECO 095<br \/>\nT\u00dc\u00dcBEL H1 ECO 115<br \/>\nT\u00dc\u00dcBEL H4 ECO 135<br \/>\nT\u00dc\u00dcBEL H4 ECO 155<br \/>\nT\u00dc\u00dcBEL H4 ECO 175<br \/>\nT\u00dc\u00dcBEL H4 ECO 195<br \/>\nT\u00dc\u00dcBEL H4 ECO 215<br \/>\nT\u00dc\u00dcBEL H4 ECO 235<br \/>\nT\u00dc\u00dcBEL H4 ECO 255<br \/>\nT\u00dc\u00dcBEL H4 ECO 275<br \/>\nT\u00dc\u00dcBEL H4 ECO 295<br \/>\nVILLASEIB SBL 140<br \/>\nSBH-T65\/25 TALDRIK<br \/>\nPOL\u00dcST\u00dcROOLTABLETT<br \/>\nSPIRAALT\u00dc\u00dcBEL<br \/>\nTALDRIK 60\/6<\/p>\n<p><strong>KROHVIV\u00d5RGUD<\/strong><br \/>\nKROHVIV\u00d5RK 1,1m 7&#215;7 200g<br \/>\nKROHVIV\u00d5RK 1,1m 4&#215;4 160g<br \/>\nKROHVIV\u00d5RK 1,1m 27,5m2 160g<br \/>\nKROHVIV\u00d5RK 1,1m 7&#215;7 55m2\/rull 200g\/m2<br \/>\nKROHVIV\u00d5RK ECO 160g 55m2 kollane<\/p>\n<\/div><\/section><\/p><\/div>\n","protected":false},"excerpt":{"rendered":"","protected":false},"author":1,"featured_media":0,"parent":544,"menu_order":1,"comment_status":"closed","ping_status":"closed","template":"","meta":{"footnotes":""},"_links":{"self":[{"href":"https:\/\/www.atlassegud.ee\/fi\/wp-json\/wp\/v2\/pages\/563"}],"collection":[{"href":"https:\/\/www.atlassegud.ee\/fi\/wp-json\/wp\/v2\/pages"}],"about":[{"href":"https:\/\/www.atlassegud.ee\/fi\/wp-json\/wp\/v2\/types\/page"}],"author":[{"embeddable":true,"href":"https:\/\/www.atlassegud.ee\/fi\/wp-json\/wp\/v2\/users\/1"}],"replies":[{"embeddable":true,"href":"https:\/\/www.atlassegud.ee\/fi\/wp-json\/wp\/v2\/comments?post=563"}],"version-history":[{"count":7,"href":"https:\/\/www.atlassegud.ee\/fi\/wp-json\/wp\/v2\/pages\/563\/revisions"}],"predecessor-version":[{"id":1767,"href":"https:\/\/www.atlassegud.ee\/fi\/wp-json\/wp\/v2\/pages\/563\/revisions\/1767"}],"up":[{"embeddable":true,"href":"https:\/\/www.atlassegud.ee\/fi\/wp-json\/wp\/v2\/pages\/544"}],"wp:attachment":[{"href":"https:\/\/www.atlassegud.ee\/fi\/wp-json\/wp\/v2\/media?parent=563"}],"curies":[{"name":"wp","href":"https:\/\/api.w.org\/{rel}","templated":true}]}}