{"id":502,"date":"2017-11-02T15:40:10","date_gmt":"2017-11-02T13:40:10","guid":{"rendered":"http:\/\/www.atlassegud.ee\/kotisivu\/"},"modified":"2022-06-10T02:22:05","modified_gmt":"2022-06-09T23:22:05","slug":"kotisivu","status":"publish","type":"page","link":"https:\/\/www.atlassegud.ee\/fi\/","title":{"rendered":"Kotisivu"},"content":{"rendered":"<\/div><\/div><\/div><!-- close content main div --><\/div><\/div><div id='full_slider_1' class='avia-fullwidth-slider main_color avia-shadow  main-slider container_wrap sidebar_right'   ><div  data-size='no scaling'  data-lightbox_size='large'  data-animation='fade'  data-ids='891'  data-video_counter='0'  data-autoplay='true'  data-bg_slider='false'  data-slide_height=''  data-handle='av_slideshow_full'  data-interval='5'  data-class=' '  data-css_id=''  data-scroll_down=''  data-control_layout='av-control-hidden'  data-custom_markup=''  data-perma_caption='aviaTBperma_caption'  data-autoplay_stopper=''  data-image_attachment=''  data-min_height='500px'  data-src=''  data-position='top left'  data-repeat='no-repeat'  data-attach='scroll'  data-stretch=''  class='avia-slideshow avia-slideshow-1  av-control-hidden av-default-height-applied avia-slideshow-no scaling av_slideshow_full   avia-fade-slider '  itemscope=\"itemscope\" itemtype=\"https:\/\/schema.org\/ImageObject\" ><ul class='avia-slideshow-inner' style='padding-bottom: 47.0703125%;'><li  class=' av-single-slide slide-1 ' ><div data-rel='slideshow-1' class='avia-slide-wrap'  ><img src='https:\/\/www.atlassegud.ee\/wp-content\/uploads\/2017\/08\/Atlas-maja2.jpg' width='2048' height='964' title='Atlas maja2' alt=''  itemprop=\"thumbnailUrl\"  style='min-height:500px; min-width:1063px; ' \/><div class='av-section-color-overlay' style='opacity: 0.4; background-color: #0e696c; '><\/div><\/div><\/li><\/ul><div class = \"caption_fullwidth av-slideshow-caption caption_left\"><div class = \"container caption_container\"><div class = \"slideshow_caption\"><div class = \"slideshow_inner_caption\"><div class = \"slideshow_align_caption\"><h2  class='avia-caption-title'  itemprop=\"name\" >20 vuotta rakennusmarkkinoilla<\/h2><div class='avia-caption-content '  itemprop=\"description\"  ><p>Rakennustarvikkeiden v\u00e4hitt\u00e4is- ja tukkumyynti<br \/>\nNopea\u00a0toimitus, hyv\u00e4 hinta, laadukkaat materiaalit.<br \/>\nOlemme konkuroiva yhti\u00f6\u00a0jokaisen virolaisen e-shop- tai rakennuskeskuksen kanssa.<br \/>\nKysy\u00a0tarjousta projektimyynnist\u00e4!<\/p>\n<\/div><\/div><\/div><\/div><\/div><\/div><\/div><\/div>\n<\/div><\/div><\/div><!-- close content main div --><\/div><\/div><div id='intro-area' class='avia-section main_color avia-section-large avia-no-shadow avia-bg-style-scroll   container_wrap sidebar_right' style = 'background-color: #ffffff; '  ><div class='container' ><div class='template-page content  av-content-small alpha units'><div class='post-entry post-entry-type-page post-entry-502'><div class='entry-content-wrapper clearfix'>\n<div class=\"flex_column av_three_fifth  flex_column_div first  main-intro \" style='padding:0px 0px 0px 60px ; border-radius:0px; '><section class=\"av_textblock_section\"  itemscope=\"itemscope\" itemtype=\"https:\/\/schema.org\/CreativeWork\" ><div class='avia_textblock '  style='font-size:16px; '  itemprop=\"text\" ><h1>Atlas Segud AS<\/h1>\n<p>Atlas Segud AS aloitti toimintaansa vuonna 1997, kun olimme ATLAS-konsernin edustajana Virossa. Yhti\u00f6n p\u00e4\u00e4toiminnaksi oli ATLAS-rakennussekoitusten ja suojaj\u00e4rjestyksien maahanotto. T\u00e4n\u00e4\u00e4n olemme lis\u00e4nnyt tuotevalikoimaan monien tunnetujen valmistajien rakennusmateriaaleja ja tu\u00f6kaluja.<\/p>\n<p>Koska enimm\u00e4kseen teemme yhteisty\u00f6t\u00e4 rakennusyritysten kanssa, on meill\u00e4 eritt\u00e4in vaativa valikoima ja tarjoamme parasta valikoimaa asiakkaille. Etusijalla on nopea ja k\u00e4tev\u00e4 asiakaspalvelu!<\/p>\n<p>Uusi sijainti &#8211; L\u00e4ike tee 6A, Peetri. Sopivien materiaalien l\u00f6yt\u00e4misess\u00e4 olemme aina valmis auttamaan.<\/p>\n<p>Tutustu Atlas Segud ratkaisuihin ja tuotteisiin Tallinnan toimistoissa.<\/p>\n<p>Jos Sinulla on kysytt\u00e4v\u00e4\u00e4, ota yhteytt\u00e4 <a href=\"https:\/\/www.atlassegud.ee\/fi\/projektimyynti\/\">projektimyynnin kautta<\/a>.<\/p>\n<\/div><\/section><\/div><div class=\"flex_column av_two_fifth  flex_column_div av-zero-column-padding   intro-flyover \" style='background-color:#ffffff; border-radius:0px; '><section class=\"av_textblock_section\"  itemscope=\"itemscope\" itemtype=\"https:\/\/schema.org\/CreativeWork\" ><div class='avia_textblock '  style='font-size:16px; '  itemprop=\"text\" ><h3 style=\"text-align: center;\">Atlas Segud AS:<\/h3>\n<p style=\"text-align: center;\">Viron menestyv\u00e4 yritus 2006, 2016, 2017, 2018, 2019 ja 2021<\/p>\n<p style=\"text-align: center;\">Viron Gaselli\u00fcritus 2014<\/p>\n<p style=\"text-align: center;\">Viron luottolaitosten liiton j\u00e4sen<\/p>\n<\/div><\/section><br \/>\n<section class=\"av_textblock_section\"  itemscope=\"itemscope\" itemtype=\"https:\/\/schema.org\/CreativeWork\" ><div class='avia_textblock fp-img'   itemprop=\"text\" ><p><img loading=\"lazy\" decoding=\"async\" class=\"alignnone size-full wp-image-629\" src=\"https:\/\/www.atlassegud.ee\/wp-content\/uploads\/2017\/08\/edukas2018.png\" alt=\"\" width=\"118\" height=\"114\" \/><img loading=\"lazy\" decoding=\"async\" class=\"alignnone size-full wp-image-630\" src=\"https:\/\/www.atlassegud.ee\/wp-content\/uploads\/2022\/05\/eee_2019.png\" alt=\"\" width=\"118\" height=\"114\" \/><img loading=\"lazy\" decoding=\"async\" class=\"alignnone size-full wp-image-636\" src=\"https:\/\/www.atlassegud.ee\/wp-content\/uploads\/2022\/05\/eee2021.png\" alt=\"\" width=\"118\" height=\"114\" \/><\/p>\n<\/div><\/section><br \/>\n<section class=\"av_textblock_section\"  itemscope=\"itemscope\" itemtype=\"https:\/\/schema.org\/CreativeWork\" ><div class='avia_textblock fp-img'   itemprop=\"text\" ><p><img loading=\"lazy\" decoding=\"async\" class=\"alignnone size-full wp-image-629\" src=\"http:\/\/www.atlassegud.ee\/wp-content\/uploads\/2017\/08\/edukas-ettevote-2006.jpg\" alt=\"\" width=\"118\" height=\"114\" srcset=\"https:\/\/www.atlassegud.ee\/wp-content\/uploads\/2017\/08\/edukas-ettevote-2006.jpg 118w, https:\/\/www.atlassegud.ee\/wp-content\/uploads\/2017\/08\/edukas-ettevote-2006-36x36.jpg 36w\" sizes=\"(max-width: 118px) 100vw, 118px\" \/><img loading=\"lazy\" decoding=\"async\" class=\"alignnone size-full wp-image-630\" src=\"http:\/\/www.atlassegud.ee\/wp-content\/uploads\/2017\/08\/edukas-ettevote-1.jpg\" alt=\"\" width=\"118\" height=\"114\" srcset=\"https:\/\/www.atlassegud.ee\/wp-content\/uploads\/2017\/08\/edukas-ettevote-1.jpg 118w, https:\/\/www.atlassegud.ee\/wp-content\/uploads\/2017\/08\/edukas-ettevote-1-36x36.jpg 36w\" sizes=\"(max-width: 118px) 100vw, 118px\" \/><img loading=\"lazy\" decoding=\"async\" class=\"alignnone size-full wp-image-636\" src=\"http:\/\/www.atlassegud.ee\/wp-content\/uploads\/2017\/08\/edukas-ettevote-2017.jpg\" alt=\"\" width=\"118\" height=\"114\" srcset=\"https:\/\/www.atlassegud.ee\/wp-content\/uploads\/2017\/08\/edukas-ettevote-2017.jpg 118w, https:\/\/www.atlassegud.ee\/wp-content\/uploads\/2017\/08\/edukas-ettevote-2017-36x36.jpg 36w\" sizes=\"(max-width: 118px) 100vw, 118px\" \/><\/p>\n<\/div><\/section><br \/>\n<div class='avia-image-container  av-styling-    avia-align-center '  itemscope=\"itemscope\" itemtype=\"https:\/\/schema.org\/ImageObject\"  ><div class='avia-image-container-inner'><img class='avia_image ' src='https:\/\/www.atlassegud.ee\/wp-content\/uploads\/2017\/08\/gasellfirma-300x247.png' alt='' title='gasellfirma'   itemprop=\"thumbnailUrl\"  \/><\/div><\/div><br \/>\n<div class='avia-image-container  av-styling-    avia-align-center '  itemscope=\"itemscope\" itemtype=\"https:\/\/schema.org\/ImageObject\"  ><div class='avia-image-container-inner'><img class='avia_image ' src='https:\/\/www.atlassegud.ee\/wp-content\/uploads\/2017\/08\/evul-logo.jpg' alt='' title='evul-logo'   itemprop=\"thumbnailUrl\"  \/><\/div><\/div><\/p><\/div><\/div><\/div><\/div><!-- close content main div --><\/div><\/div><div id='after_section_1' class='main_color av_default_container_wrap container_wrap sidebar_right'   ><div class='container' ><div class='template-page content  av-content-small alpha units'><div class='post-entry post-entry-type-page post-entry-502'><div class='entry-content-wrapper clearfix'>\n","protected":false},"excerpt":{"rendered":"","protected":false},"author":1,"featured_media":0,"parent":0,"menu_order":0,"comment_status":"closed","ping_status":"closed","template":"","meta":{"footnotes":""},"_links":{"self":[{"href":"https:\/\/www.atlassegud.ee\/fi\/wp-json\/wp\/v2\/pages\/502"}],"collection":[{"href":"https:\/\/www.atlassegud.ee\/fi\/wp-json\/wp\/v2\/pages"}],"about":[{"href":"https:\/\/www.atlassegud.ee\/fi\/wp-json\/wp\/v2\/types\/page"}],"author":[{"embeddable":true,"href":"https:\/\/www.atlassegud.ee\/fi\/wp-json\/wp\/v2\/users\/1"}],"replies":[{"embeddable":true,"href":"https:\/\/www.atlassegud.ee\/fi\/wp-json\/wp\/v2\/comments?post=502"}],"version-history":[{"count":14,"href":"https:\/\/www.atlassegud.ee\/fi\/wp-json\/wp\/v2\/pages\/502\/revisions"}],"predecessor-version":[{"id":1511,"href":"https:\/\/www.atlassegud.ee\/fi\/wp-json\/wp\/v2\/pages\/502\/revisions\/1511"}],"wp:attachment":[{"href":"https:\/\/www.atlassegud.ee\/fi\/wp-json\/wp\/v2\/media?parent=502"}],"curies":[{"name":"wp","href":"https:\/\/api.w.org\/{rel}","templated":true}]}}