{"id":1754,"date":"2024-11-09T10:22:56","date_gmt":"2024-11-09T08:22:56","guid":{"rendered":"https:\/\/www.atlassegud.ee\/tuotteet\/tycroc\/"},"modified":"2024-11-11T13:13:13","modified_gmt":"2024-11-11T11:13:13","slug":"tycroc","status":"publish","type":"page","link":"https:\/\/www.atlassegud.ee\/fi\/tuotteet\/tycroc\/","title":{"rendered":"TYCROC"},"content":{"rendered":"<\/div><\/div><\/div><!-- close content main div --><\/div><\/div><div id='av_section_1' class='avia-section main_color avia-section-default avia-no-shadow av-parallax-section avia-bg-style-parallax  topbg-img container_wrap sidebar_right' style = 'background-color: #b1d671; ' data-section-bg-repeat='no-repeat' ><div class='av-parallax' data-avia-parallax-ratio='0.3' ><div class='av-parallax-inner main_color  avia-full-stretch' style = 'background-color: #b1d671; background-repeat: no-repeat; background-image: url(https:\/\/www.atlassegud.ee\/wp-content\/uploads\/2017\/08\/Atlas-maja2.jpg); background-attachment: scroll; background-position: top center; ' ><\/div><\/div><div class='container' ><div class='template-page content  av-content-small alpha units'><div class='post-entry post-entry-type-page post-entry-1754'><div class='entry-content-wrapper clearfix'><\/div><\/div><\/div><!-- close content main div --><\/div><\/div><div id='after_section_1' class='main_color av_default_container_wrap container_wrap sidebar_right'   ><div class='container' ><div class='template-page content  av-content-small alpha units'><div class='post-entry post-entry-type-page post-entry-1754'><div class='entry-content-wrapper clearfix'>\n<div class=\"flex_column av_one_full  flex_column_div first  general-content-area \" style='padding:40px 40px 0px 40px ; border-radius:0px; '><p><div class='av-hotspot-image-container avia_animate_when_almost_visible  av-hotspot-numbered av-mobile-fallback-active     av-non-fullwidth-hotspot-image '  itemscope=\"itemscope\" itemtype=\"https:\/\/schema.org\/ImageObject\"  ><div class='av-hotspot-container'><div class='av-hotspot-container-inner-cell'><div class='av-hotspot-container-inner-wrap'><img class='avia_image ' src='https:\/\/www.atlassegud.ee\/wp-content\/uploads\/2023\/11\/tycroc-logo-1-300x87.png' alt='' title='tycroc logo'   itemprop=\"thumbnailUrl\"  \/><\/div><\/div><\/div><\/div><br \/>\n<section class=\"av_textblock_section\"  itemscope=\"itemscope\" itemtype=\"https:\/\/schema.org\/CreativeWork\" ><div class='avia_textblock '   itemprop=\"text\" ><p>Listalta l\u00f6ytyy paikanp\u00e4\u00e4ll\u00e4 olevat tuotteet.Muut tuotteet tilaamisella!<\/p>\n<p>TYCROC ALUMIINIUMTEIP 70\u00b5m\/50m\/45mm 24 (0) 24 (0)<br \/>\nTYCROC DUSIALUS TRAPIGA 900x900x20MM 0 (0) 0 (0)<br \/>\nTYCROC FAST FIX AKR\u00dc\u00dcLLIIM 15kg 0 (0) 0 (0)<br \/>\nTYCROC KINNITUSSEIB 36X0,6mm 50TK\/PAKK 110 (0) 110 (0)<br \/>\nTYCROC KOMBIKRUVI M 4X35mm 500TK\/PAKK 0 (0) 0 (0)<br \/>\nTYCROC KOMBIKRUVI M 4X55mm 500TK\/PAKK 0 (0) 0 (0)<br \/>\nTYCROC KUULKRAAN LIBLIK K\u00c4EPIDEMEGA 1 1\/4\u00b4\u00b4-1\u00b4\u00b4 L=60mm (2TK\/PK) 0 (0) 0 (0)<br \/>\nTYCROC METALLT\u00dc\u00dcBEL 10TK\/PK 100 (0) 100 (0)<br \/>\nTYCROC PERT P\u00d5RANDAK\u00dcTTETORU 16X2,0mm (480m rullis) 0 (0) 0 (0)<br \/>\nTYCROC PLASTIKUST 90* PAINDETUGI PE-RT\/PEX 16-18mm torule 0 (0) 0 (0)<br \/>\nTYCROC PREMIUM FIX LIIMHERMEETIK 290ml 48 (0) 48 (0)<br \/>\nTYCROC PREMIUM FIX LIIMHERMEETIK 600ml 109 (0) 109 (0)<br \/>\nTYCROC TCA SURVELIITMIK K\u00dcTTETORULE 3\/4\u00b4\u00b4 16X2mm (2TK\/PK) 0 (0) 0 (0)<br \/>\nTYCROC TSA AJAM 230V- 50-60Hz 1,8W NC M30X1,5 0 (0) 0 (0)<br \/>\nTYCROC TSA AJAM 24V ~50-60Hz 1,6W NC M30x1,5 0 (0) 0 (0)<br \/>\nTYCROC TSL P\u00d5RANDAK\u00dcTTE\/JAHUTUS KOLLEKTOR 1 1\/4\u00b4\u00b4-5X3\/4\u00b4\u00b4 Euro 0 (0) 0 (0)<br \/>\nTYCROC TSL P\u00d5RANDAK\u00dcTTE\/JAHUTUS KOLLEKTOR 1X3\/4\u00b4\u00b4 Euro(lisamoodulid) 0 (0) 0 (0)<br \/>\nTYCROC TSL P\u00d5RANDAK\u00dcTTE\/JAHUTUSE KOLLEKTOR1\/1\/4\u2033-2\u00d73\/4\u2033 EURO 0 (0) 0 (0)<br \/>\nTYCROC TWP PLAAT 2500X1200X12mm (3m2 plaat ) 0 (0) 0 (0)<br \/>\nTYCROC TWP PLAAT 2500X600X12mm (1,5m2 plaat) 28 (0) 28 (0)<br \/>\nTYCROC TWP PLAAT 2500X600X20mm (1,5m2 plaat ) 12 (0) 12 (0)<br \/>\nTYCROC TWP PLAAT 2500X600X30mm (1,5m2 plaat ) 0 (0) 0 (0)<br \/>\nTYCROC TWP PLAAT 2500X600X40mm (1,5m2 plaat ) 0 (0) 0 (0)<br \/>\nTYCROC UHP P\u00d5RANDAK\u00dcTTEPLAAT 1200X600X25mm (16mm torule) 0 (0) 0 (0)<br \/>\nTYCROC UHP05 1200x600x20 mm KUNI 7mm KAABLILE 0 (0) 0 (0)<\/p>\n<\/div><\/section><\/p><\/div>\n","protected":false},"excerpt":{"rendered":"","protected":false},"author":1,"featured_media":0,"parent":544,"menu_order":17,"comment_status":"closed","ping_status":"closed","template":"","meta":{"footnotes":""},"_links":{"self":[{"href":"https:\/\/www.atlassegud.ee\/fi\/wp-json\/wp\/v2\/pages\/1754"}],"collection":[{"href":"https:\/\/www.atlassegud.ee\/fi\/wp-json\/wp\/v2\/pages"}],"about":[{"href":"https:\/\/www.atlassegud.ee\/fi\/wp-json\/wp\/v2\/types\/page"}],"author":[{"embeddable":true,"href":"https:\/\/www.atlassegud.ee\/fi\/wp-json\/wp\/v2\/users\/1"}],"replies":[{"embeddable":true,"href":"https:\/\/www.atlassegud.ee\/fi\/wp-json\/wp\/v2\/comments?post=1754"}],"version-history":[{"count":6,"href":"https:\/\/www.atlassegud.ee\/fi\/wp-json\/wp\/v2\/pages\/1754\/revisions"}],"predecessor-version":[{"id":1831,"href":"https:\/\/www.atlassegud.ee\/fi\/wp-json\/wp\/v2\/pages\/1754\/revisions\/1831"}],"up":[{"embeddable":true,"href":"https:\/\/www.atlassegud.ee\/fi\/wp-json\/wp\/v2\/pages\/544"}],"wp:attachment":[{"href":"https:\/\/www.atlassegud.ee\/fi\/wp-json\/wp\/v2\/media?parent=1754"}],"curies":[{"name":"wp","href":"https:\/\/api.w.org\/{rel}","templated":true}]}}