{"id":1745,"date":"2024-11-09T10:19:49","date_gmt":"2024-11-09T08:19:49","guid":{"rendered":"https:\/\/www.atlassegud.ee\/tuotteet\/tikkurila-vivacolor\/"},"modified":"2024-11-11T13:13:09","modified_gmt":"2024-11-11T11:13:09","slug":"tikkurila-vivacolor","status":"publish","type":"page","link":"https:\/\/www.atlassegud.ee\/fi\/tuotteet\/tikkurila-vivacolor\/","title":{"rendered":"TIKKURILA &#038; VIVACOLOR"},"content":{"rendered":"<\/div><\/div><\/div><!-- close content main div --><\/div><\/div><div id='av_section_1' class='avia-section main_color avia-section-default avia-no-shadow av-parallax-section avia-bg-style-parallax  topbg-img container_wrap sidebar_right' style = 'background-color: #b1d671; ' data-section-bg-repeat='no-repeat' ><div class='av-parallax' data-avia-parallax-ratio='0.3' ><div class='av-parallax-inner main_color  avia-full-stretch' style = 'background-color: #b1d671; background-repeat: no-repeat; background-image: url(https:\/\/www.atlassegud.ee\/wp-content\/uploads\/2017\/08\/Atlas-maja2.jpg); background-attachment: scroll; background-position: top center; ' ><\/div><\/div><div class='container' ><div class='template-page content  av-content-small alpha units'><div class='post-entry post-entry-type-page post-entry-1745'><div class='entry-content-wrapper clearfix'><\/div><\/div><\/div><!-- close content main div --><\/div><\/div><div id='after_section_1' class='main_color av_default_container_wrap container_wrap sidebar_right'   ><div class='container' ><div class='template-page content  av-content-small alpha units'><div class='post-entry post-entry-type-page post-entry-1745'><div class='entry-content-wrapper clearfix'>\n<div class=\"flex_column av_one_full  flex_column_div first  general-content-area \" style='padding:40px 40px 0px 40px ; border-radius:0px; '><p><div class='av-hotspot-image-container avia_animate_when_almost_visible  av-hotspot-numbered av-mobile-fallback-active     av-non-fullwidth-hotspot-image '  itemscope=\"itemscope\" itemtype=\"https:\/\/schema.org\/ImageObject\"  ><div class='av-hotspot-container'><div class='av-hotspot-container-inner-cell'><div class='av-hotspot-container-inner-wrap'><img class='avia_image ' src='https:\/\/www.atlassegud.ee\/wp-content\/uploads\/2023\/11\/vc_logo-180x180.png' alt='' title='vc_logo'   itemprop=\"thumbnailUrl\"  \/><\/div><\/div><\/div><\/div><br \/>\n<section class=\"av_textblock_section\"  itemscope=\"itemscope\" itemtype=\"https:\/\/schema.org\/CreativeWork\" ><div class='avia_textblock '   itemprop=\"text\" ><p>Listalta l\u00f6ytyy paikanp\u00e4\u00e4ll\u00e4 olevat tuotteet.Muut tuotteet tilaamisella!<\/p>\n<p>Anza Elite Flat Brush 100mm<br \/>\nAnza Elite Flat Brush 35mm<br \/>\nAnza Elite Flat Brush 50mm<br \/>\nAnza Elite Flat Brush 70mm<br \/>\nAnza Filling Knife 2K 25mm<br \/>\nAnza Flexible Filling Knife 2K 100mm<br \/>\nAnza Flexible Filling Knife 2K 50mm<br \/>\nAnza Flexible Filling Knife 2K 75mm<br \/>\nAnza GO Outdoor Brush 100mm<br \/>\nAnza GO Outdoor Brush 120mm<br \/>\nAnza GO Outdoor Brush 75mm<br \/>\nAnza Maxi Frame PP25cm<br \/>\nAnza Super Antex Maxi Extra Smooth 25cm 582025<br \/>\nAnza Super Antex Mini Extra Smooth 10cm 582210<br \/>\nAnza Super Micmex Max Msmooth 18cm<br \/>\nAnza Super Micmex Max Msmooth 25cm 583525<br \/>\nAnza Super Micmex Mini Med Smooth 10cm 583210<br \/>\nAnza Super Micmex Mini Med Smooth 15cm<br \/>\nAnza Super Titex Maxi Medium Smooth 25cm 552025<br \/>\nAnza Wide Filling Knife 2K 150mm<br \/>\nAnza Wide Filling Knife 2K 200mm<br \/>\nAnza Wide Filling Knife 2K 250mm<br \/>\nAnza Wide Filling Knife 2K 350mm<br \/>\nAnza Wide Filling Knife 2K 450mm<br \/>\nAnza Wide Filling Knife 2K 600mm<br \/>\nPUIDUV\u00c4RV VILL AKVA C 11,7L\/PURK 566X<br \/>\nPUIDUV\u00c4RV VILLA AKVA 11,7L VALGE<br \/>\nTIKKURILA AKRYLATE PREMIUM 18L TOONITUD<br \/>\nTIKKURILA HELMI10 2,7L<br \/>\nTIKKURILA KORROSIOONIVASTANE KRUNTV\u00c4RV ROSTEX SUPER HELEHALL 10L<br \/>\nTIKKURILA LUJA 7 NEW 9L TOONITUD<br \/>\nTIKKURILA LUJA 7 NEW A 2,7L<br \/>\nTIKKURILA MULTISTOP 2,7L<br \/>\nTIKKURILA OTEX AP 0,9L<br \/>\nTIKKURILA OTEX AP 2,7L<br \/>\nTIKKURILA OTEX AP 9L<br \/>\nTIKKURILA PUIDULASUUR VATTI PLUS COMPLETE ASH GREY 5L<br \/>\nTIKKURILA SIRO 2 T\u00c4ISMATT KRUNT-JA LAEV\u00c4RV<br \/>\nTIKKURILA SIRO 2 T\u00c4ISMATT KRUNT-JA LAEV\u00c4RV TOONITUD<br \/>\nTIKKURILA ULTRA CLASSIC 2,7L TOONITUD<br \/>\nTIKKURILA ULTRA CLASSIC 9L TOONITUD<br \/>\nTIKKURILA ULTRA CLASSIC HOUSE PAINT 2,7L TOONITUD<br \/>\nTIKKURILA ULTRA CLASSIC HOUSE PAINT 9L TOONITUD<br \/>\nTIKKURILA WALL 7 NEW 11,7L TOONITUD<br \/>\nVIVA COLOR ACRYLATE MATT 18L<br \/>\nVIVA COLOR ACRYLATE MATT 18L TOONITUD<br \/>\nVIVA COLOR ACRYLATE MATT 9L TOONITUD<br \/>\nVIVA COLOR WALL 7 9L\/PURK L484<br \/>\nVIVACOLOR J 10L<br \/>\nVIVACOLOR LF 10L<br \/>\nVIVACOLOR LJ 10L<br \/>\nVIVACOLOR S 15L<br \/>\nVIVACOLOR WALL 7 NEW 9L<br \/>\nWALL 12 NEW 18L TOONITUD<br \/>\nWALL 4 VALGE MATT SEINAV\u00c4RV 18L TOONITUD<br \/>\nWALL 7 NEW 18L TOONITUD<br \/>\nWALL 7 TINTED 9L TVT L487<\/p>\n<\/div><\/section><\/p><\/div>\n","protected":false},"excerpt":{"rendered":"","protected":false},"author":1,"featured_media":0,"parent":544,"menu_order":16,"comment_status":"closed","ping_status":"closed","template":"","meta":{"footnotes":""},"_links":{"self":[{"href":"https:\/\/www.atlassegud.ee\/fi\/wp-json\/wp\/v2\/pages\/1745"}],"collection":[{"href":"https:\/\/www.atlassegud.ee\/fi\/wp-json\/wp\/v2\/pages"}],"about":[{"href":"https:\/\/www.atlassegud.ee\/fi\/wp-json\/wp\/v2\/types\/page"}],"author":[{"embeddable":true,"href":"https:\/\/www.atlassegud.ee\/fi\/wp-json\/wp\/v2\/users\/1"}],"replies":[{"embeddable":true,"href":"https:\/\/www.atlassegud.ee\/fi\/wp-json\/wp\/v2\/comments?post=1745"}],"version-history":[{"count":6,"href":"https:\/\/www.atlassegud.ee\/fi\/wp-json\/wp\/v2\/pages\/1745\/revisions"}],"predecessor-version":[{"id":1826,"href":"https:\/\/www.atlassegud.ee\/fi\/wp-json\/wp\/v2\/pages\/1745\/revisions\/1826"}],"up":[{"embeddable":true,"href":"https:\/\/www.atlassegud.ee\/fi\/wp-json\/wp\/v2\/pages\/544"}],"wp:attachment":[{"href":"https:\/\/www.atlassegud.ee\/fi\/wp-json\/wp\/v2\/media?parent=1745"}],"curies":[{"name":"wp","href":"https:\/\/api.w.org\/{rel}","templated":true}]}}