{"id":1742,"date":"2024-11-09T10:17:15","date_gmt":"2024-11-09T08:17:15","guid":{"rendered":"https:\/\/www.atlassegud.ee\/tuotteet\/teknos\/"},"modified":"2024-11-11T13:13:04","modified_gmt":"2024-11-11T11:13:04","slug":"teknos","status":"publish","type":"page","link":"https:\/\/www.atlassegud.ee\/fi\/tuotteet\/teknos\/","title":{"rendered":"TEKNOS"},"content":{"rendered":"<\/div><\/div><\/div><!-- close content main div --><\/div><\/div><div id='av_section_1' class='avia-section main_color avia-section-default avia-no-shadow av-parallax-section avia-bg-style-parallax  topbg-img container_wrap sidebar_right' style = 'background-color: #b1d671; ' data-section-bg-repeat='no-repeat' ><div class='av-parallax' data-avia-parallax-ratio='0.3' ><div class='av-parallax-inner main_color  avia-full-stretch' style = 'background-color: #b1d671; background-repeat: no-repeat; background-image: url(https:\/\/www.atlassegud.ee\/wp-content\/uploads\/2017\/08\/Atlas-maja2.jpg); background-attachment: scroll; background-position: top center; ' ><\/div><\/div><div class='container' ><div class='template-page content  av-content-small alpha units'><div class='post-entry post-entry-type-page post-entry-1742'><div class='entry-content-wrapper clearfix'><\/div><\/div><\/div><!-- close content main div --><\/div><\/div><div id='after_section_1' class='main_color av_default_container_wrap container_wrap sidebar_right'   ><div class='container' ><div class='template-page content  av-content-small alpha units'><div class='post-entry post-entry-type-page post-entry-1742'><div class='entry-content-wrapper clearfix'>\n<div class=\"flex_column av_one_full  flex_column_div first  general-content-area \" style='padding:40px 40px 0px 40px ; border-radius:0px; '><p><div class='av-hotspot-image-container avia_animate_when_almost_visible  av-hotspot-numbered av-mobile-fallback-active     av-non-fullwidth-hotspot-image '  itemscope=\"itemscope\" itemtype=\"https:\/\/schema.org\/ImageObject\"  ><div class='av-hotspot-container'><div class='av-hotspot-container-inner-cell'><div class='av-hotspot-container-inner-wrap'><img class='avia_image ' src='https:\/\/www.atlassegud.ee\/wp-content\/uploads\/2024\/10\/Teknos_Logo11-300x82.png' alt='' title='Teknos_Logo(1)(1)'   itemprop=\"thumbnailUrl\"  \/><\/div><\/div><\/div><\/div><br \/>\n<section class=\"av_textblock_section\"  itemscope=\"itemscope\" itemtype=\"https:\/\/schema.org\/CreativeWork\" ><div class='avia_textblock '   itemprop=\"text\" ><p><em>Listalta l\u00f6ytyy paikanp\u00e4\u00e4ll\u00e4 olevat tuotteet.Muut tuotteet tilaamisella!<\/em><\/p>\n<p>TEKNOS 18L<br \/>\nTEKNOS 9L<br \/>\nTEKNOS DALOPRO PREMIUM 10L<br \/>\nTEKNOS FERREX COMBI WHITE BASE 1 9L<br \/>\nTEKNOS KIRJO AQUA WHITE BASE PAINT 1<br \/>\nTEKNOS METALLIV\u00c4RV FERRX BLACK 3L<br \/>\nTEKNOS PUIDUV\u00c4RV NORDICA CLASSIC VALGE 18L<br \/>\nTEKNOS PUIDUV\u00c4RV NORDICA CLASSIC VALGE 18L TINTED<br \/>\nTEKNOS PUIDUV\u00c4RV NORDICA CLASSIC VALGE 9L TINTED<br \/>\nTEKNOS RENSA SUPER 5L<br \/>\nTEKNOS SILORA J 10L<br \/>\nTEKNOS SILORA LF 10L<br \/>\nTEKNOS SILORA LG 10L<br \/>\nTEKNOS TEKNOSPRO SX TASOITE 15L<br \/>\nTEKNOS WOODEX CLASSIC 9L TM T8036<\/p>\n<\/div><\/section><\/p><\/div>\n","protected":false},"excerpt":{"rendered":"","protected":false},"author":1,"featured_media":0,"parent":544,"menu_order":15,"comment_status":"closed","ping_status":"closed","template":"","meta":{"footnotes":""},"_links":{"self":[{"href":"https:\/\/www.atlassegud.ee\/fi\/wp-json\/wp\/v2\/pages\/1742"}],"collection":[{"href":"https:\/\/www.atlassegud.ee\/fi\/wp-json\/wp\/v2\/pages"}],"about":[{"href":"https:\/\/www.atlassegud.ee\/fi\/wp-json\/wp\/v2\/types\/page"}],"author":[{"embeddable":true,"href":"https:\/\/www.atlassegud.ee\/fi\/wp-json\/wp\/v2\/users\/1"}],"replies":[{"embeddable":true,"href":"https:\/\/www.atlassegud.ee\/fi\/wp-json\/wp\/v2\/comments?post=1742"}],"version-history":[{"count":4,"href":"https:\/\/www.atlassegud.ee\/fi\/wp-json\/wp\/v2\/pages\/1742\/revisions"}],"predecessor-version":[{"id":1823,"href":"https:\/\/www.atlassegud.ee\/fi\/wp-json\/wp\/v2\/pages\/1742\/revisions\/1823"}],"up":[{"embeddable":true,"href":"https:\/\/www.atlassegud.ee\/fi\/wp-json\/wp\/v2\/pages\/544"}],"wp:attachment":[{"href":"https:\/\/www.atlassegud.ee\/fi\/wp-json\/wp\/v2\/media?parent=1742"}],"curies":[{"name":"wp","href":"https:\/\/api.w.org\/{rel}","templated":true}]}}