{"id":1736,"date":"2024-11-08T15:55:50","date_gmt":"2024-11-08T13:55:50","guid":{"rendered":"https:\/\/www.atlassegud.ee\/tuotteet\/mapei-2\/"},"modified":"2024-11-11T13:12:19","modified_gmt":"2024-11-11T11:12:19","slug":"mapei-2","status":"publish","type":"page","link":"https:\/\/www.atlassegud.ee\/fi\/tuotteet\/mapei-2\/","title":{"rendered":"MAPEI"},"content":{"rendered":"<\/div><\/div><\/div><!-- close content main div --><\/div><\/div><div id='av_section_1' class='avia-section main_color avia-section-default avia-no-shadow av-parallax-section avia-bg-style-parallax  topbg-img container_wrap sidebar_right' style = 'background-color: #b1d671; ' data-section-bg-repeat='no-repeat' ><div class='av-parallax' data-avia-parallax-ratio='0.3' ><div class='av-parallax-inner main_color  avia-full-stretch' style = 'background-color: #b1d671; background-repeat: no-repeat; background-image: url(https:\/\/www.atlassegud.ee\/wp-content\/uploads\/2017\/08\/Atlas-maja2.jpg); background-attachment: scroll; background-position: top center; ' ><\/div><\/div><div class='container' ><div class='template-page content  av-content-small alpha units'><div class='post-entry post-entry-type-page post-entry-1736'><div class='entry-content-wrapper clearfix'><\/div><\/div><\/div><!-- close content main div --><\/div><\/div><div id='after_section_1' class='main_color av_default_container_wrap container_wrap sidebar_right'   ><div class='container' ><div class='template-page content  av-content-small alpha units'><div class='post-entry post-entry-type-page post-entry-1736'><div class='entry-content-wrapper clearfix'>\n<div class=\"flex_column av_one_full  flex_column_div first  general-content-area \" style='padding:40px 40px 0px 40px ; border-radius:0px; '><p><div class='av-hotspot-image-container avia_animate_when_almost_visible  av-hotspot-numbered av-mobile-fallback-active     av-non-fullwidth-hotspot-image '  itemscope=\"itemscope\" itemtype=\"https:\/\/schema.org\/ImageObject\"  ><div class='av-hotspot-container'><div class='av-hotspot-container-inner-cell'><div class='av-hotspot-container-inner-wrap'><img class='avia_image ' src='https:\/\/www.atlassegud.ee\/wp-content\/uploads\/2024\/10\/Mapei_logo.svg_-300x70.png' alt='' title='Mapei_logo.svg'   itemprop=\"thumbnailUrl\"  \/><\/div><\/div><\/div><\/div><br \/>\n<section class=\"av_textblock_section\"  itemscope=\"itemscope\" itemtype=\"https:\/\/schema.org\/CreativeWork\" ><div class='avia_textblock '   itemprop=\"text\" ><p>Listalta l\u00f6ytyy paikanp\u00e4\u00e4ll\u00e4 olevat tuotteet.Muut tuotteet tilaamisella!<\/p>\n<p>MAPEI 25l kanister<br \/>\nMAPEI ABRASIIVNE PUHASTUSK\u00c4SN\/ VALGE<br \/>\nMAPEI ADESILEX P7 PLAADISEGU 25kg hall C2T<br \/>\nMAPEI Adesilex P9 20 kg (hall) C2TE<br \/>\nMAPEI CONPLAN ECO F20 KG(ISEVALGUV TASANDUSSEGU 1-10MM)<br \/>\nMAPEI ECO PRIM GRIP PLUS_5KG<br \/>\nMAPEI Elastocolor Paint Zero 20kg White<br \/>\nMAPEI ELOSTORAPID A+B 31,25kg(hall) C2FTE S2<br \/>\nMAPEI FIBERFILT 10\u00d750 (kangaslint)<br \/>\nMAPEI INJEKTEERIMISAINE MAPEPOXY BI-IMP 1KG<br \/>\nMAPEI ISOLASTIC 5KG<br \/>\nMAPEI KERABOND TE WHITE 25KG<br \/>\nMAPEI KERACOLOR GG 112 20KG<br \/>\nMAPEI KERACOLOR GG 112 5KG<br \/>\nMAPEI KERAFELX MAXI S1 20KG (HALL) C2TE S1<br \/>\nMAPEI KERAFELX MAXI S1 20KG ZERO (HALL) C2TE S1<br \/>\nMAPEI KERAFLEX MAXI S1 20KG (VALGE) C2TE S1<br \/>\nMAPEI KERALASTIC T_POL\u00d5URETAAN PLAADIMLIIM VALGE 5KG<br \/>\nMAPEI KERAPOXY EASY DESIGN 100(WHITE) 3KG<br \/>\nMAPEI KERAPOXY EASY DESIGN 103(WHITE MOON) 3KG<br \/>\nMAPEI KERAPOXY EASY DESIGN 110(MANHATTAN) 3KG<br \/>\nMAPEI KERAPOXY EASY DESIGN 111(SILVER GREY) 3KG<br \/>\nMAPEI KERAPOXY EASY DESIGN 112(MEDIUM GREY) 3KG<br \/>\nMAPEI KERAPOXY EASY DESIGN 113(CEMENT GREY) 3KG<br \/>\nMAPEI KERAPOXY EASY DESIGN 114(ANTHRACITE) 3KG<br \/>\nMAPEI KERAPOXY EASY DESIGN 119(LONDON GREY) 3KG<br \/>\nMAPEI KERAPOXY EASY DESIGN 120( BLACK) 3KG<br \/>\nMAPEI KERAPOXY EASY DESIGN 123(ANCIENT WHITE) 3KG<br \/>\nMAPEI KERAPOXY EASY DESIGN 127(ARTIC GREY) 3KG<br \/>\nMAPEI KERAPOXY EASY DESIGN 137(CARIBBEAN) 3KG<br \/>\nMAPEI KERAPOXY EASY DESIGN 144 3KG<br \/>\nMAPEI KERAPOXY EASY DESIGN 167(AVIO) 3KG<br \/>\nMAPEI KERAPOXY EASY DESIGN 177(SAGE) 3KG<br \/>\nMAPEI KORROSIOONKAITESE MAPEFER 1K ZERO 5KG<br \/>\nMAPEI Malech 10 kg<br \/>\nMAPEI MAPEBAND EASY 400*400mm quadrotto<br \/>\nMAPEI MAPEBAND EASY H130 30m<br \/>\nMAPEI MAPEFLEX MS45_300ml( WHITE)<br \/>\nMAPEI MAPEFLOOR PU FLEX(A+B) 14KG_GREY 31<br \/>\nMAPEI MAPEFOOLR FLAKES 31\/1<br \/>\nMAPEI MAPEGUM WPS H\u00dcDROISOLATSIOON 20kg<br \/>\nMAPEI MAPEGUM WPS H\u00dcDROISOLATSIOON 5kg<br \/>\nMAPEI MAPELASTIC AQUADEFENCE 15<br \/>\nMAPEI MAPELASTIC\/KOMP. 4+B 32 KG<br \/>\nMAPEI MAPENET 150 (rull 1x50M )<br \/>\nMAPEI MAPEPOXY BI-IMP 1KG INJEKTEERIMISAINE<br \/>\nMAPEI MAPEPOXY L (A+B) 1,25kg<br \/>\nMAPEI MAPESIL AC 100 310ml (WHITE)<br \/>\nMAPEI MAPESIL AC 103 310ml (MOON WHITE)<br \/>\nMAPEI MAPESIL AC 110 310ml (MANHATTAN )<br \/>\nMAPEI MAPESIL AC 111 0,31L (SILVER GREY)<br \/>\nMAPEI MAPESIL AC 112 310ml (MEDIUM GREY )<br \/>\nMAPEI MAPESIL AC 113 310ml (CEMENT GREY )<br \/>\nMAPEI MAPESIL AC 114 310ml (ANTHRACITE )<br \/>\nMAPEI MAPESIL AC 119 310ml (LONDON GREY)<br \/>\nMAPEI MAPESIL AC 123 310ml (ANCIENT WHITE)<br \/>\nMAPEI MAPESIL AC 125 310ml (CASTLE GREY)<br \/>\nMAPEI MAPESIL AC 127 310ML 310ml (ARTIC GREY)<br \/>\nMAPEI MAPESIL AC 132 310ml (BEIGE)<br \/>\nMAPEI MAPESIL AC 133 310ml (SAND)<br \/>\nMAPEI MAPESIL AC 136 310ML (MUD)<br \/>\nMAPEI MAPESIL AC 137 310ML (CARIBBEAN)<br \/>\nMAPEI MAPESIL AC 138 310ML (ALMOND)<br \/>\nMAPEI MAPESIL AC 142 310ml (BROWN)<br \/>\nMAPEI MAPESIL AC 144 310ML (CHOCOLATE)<br \/>\nMAPEI MAPESIL AC 150 0,31L (YELLOW)<br \/>\nMAPEI MAPESIL AC 167 310ml (AVIO)<br \/>\nMAPEI MAPESIL AC 176 310ml (GREEN GREY)<br \/>\nMAPEI MAPESIL AC 177 310ml (SAGE)<br \/>\nMAPEI MAPESIL AC 187 310ml (LINEN)<br \/>\nMAPEI MAPESIL LM 999 310ml (TRANSPARENT )<br \/>\nMAPEI MAPESONIC CR, 2mm(1*20M)<br \/>\nMAPEI NIVOPLAN 25KG (3-50mm)<br \/>\nMAPEI PLANICRETE 5KG<br \/>\nMAPEI PLASTIK\u00c4MER 5L<br \/>\nMAPEI PRIMER ECO, 5KG<br \/>\nMAPEI PRIMER FD_0,2kg<br \/>\nMAPEI PRIMER G 1KG<br \/>\nMAPEI PRIMER G 5kg<br \/>\nMAPEI PRIMER SN A+B KOMPL. 20KG<br \/>\nMAPEI PURTOP EASY 15kg (hall, gery)<br \/>\nMAPEI PURTOP EASY 25kg (hall, gery)<br \/>\nMAPEI REDISIT 5KG_ SARRUSE KORROSIOONIKAITSE EN 1504-7 JA NAKKUSEGU<br \/>\nMAPEI REMONDISEGU REDIREP 45 RCF_25KG KLASS R4<br \/>\nMAPEI SMART A+B 30kg(hall)<br \/>\nMAPEI TOPCEM PRONTO 20KG<br \/>\nMAPEI tumehall dekoratiivliiv pos 48 0,4-0,8mm 25kg<br \/>\nMAPEI ULTRABOND ECO V4SP_14kg<br \/>\nMAPEI ULTRABOND MS RAPID 290m<br \/>\nMAPEI ULTRACARE GROUT RELEASE 1lt<br \/>\nMAPEI ULTRACARE KERANET 1LT<br \/>\nMAPEI ULTRACARE KERANET EASY SPARY 0,75L<br \/>\nMAPEI ULTRACARE KERAPOXY CLEANER 5lt<br \/>\nMAPEI ULTRACARE KERAPOXY CLEANER SPRAY 0,75lt<br \/>\nMAPEI ULTRACARE MOULD REMOVER SPRAY 0,75 LT<br \/>\nMAPEI ULTRACARE SMOOTH SILICONE SPARY 0,75lt<br \/>\nMAPEI ULTRACOLOR PLUS 127 5KG (ARTIC GREY)<br \/>\nMAPEI ULTRACOLOR PLUS 167 5KG (AVIO)<br \/>\nMAPEI ULTRACOLOR PLUS 100 5KG ( WHITE )<br \/>\nMAPEI ULTRACOLOR PLUS 103 5KG ( MOON WHITE )<br \/>\nMAPEI ULTRACOLOR PLUS 110 5KG ( MANHATTAN )<br \/>\nMAPEI ULTRACOLOR PLUS 111 5KG ( SILVER GREY )<br \/>\nMAPEI ULTRACOLOR PLUS 112 5KG ( MEDIUM GREY )<br \/>\nMAPEI ULTRACOLOR PLUS 113 5KG (CEMENT GREY )<br \/>\nMAPEI ULTRACOLOR PLUS 114 5KG ( ANTRACITE )<br \/>\nMAPEI ULTRACOLOR PLUS 119 5KG ( LONDON GREY ) )<br \/>\nMAPEI ULTRACOLOR PLUS 123 5KG (ANCIENT WHITE )<br \/>\nMAPEI ULTRACOLOR PLUS 125 5KG ( CASTLE GREY )<br \/>\nMAPEI ULTRACOLOR PLUS 127 2KG ( ARTIC GREY)<br \/>\nMAPEI ULTRACOLOR PLUS 127 5KG (ARCTIC GREY )<br \/>\nMAPEI ULTRACOLOR PLUS 132 5KG ( BEIGE )<br \/>\nMAPEI ULTRACOLOR PLUS 133 5KG ( SAND )<br \/>\nMAPEI ULTRACOLOR PLUS 138 5KG (ALMOND )<br \/>\nMAPEI ULTRACOLOR PLUS 150 2KG ( YELLO )<br \/>\nMAPEI ULTRACOLOR PLUS 150 5KG (YELLOW<br \/>\nMAPEI ULTRACOLOR PLUS 169 5KG (STEEL GREY )<br \/>\nMAPEI ULTRACOLOR PLUS 174 5KG (TORNADO )<br \/>\nMAPEI ULTRACOLOR PLUS 176 5KG (GREEN GREY )<br \/>\nMAPEI ULTRACOLOR PLUS 177 5KG (SAGE )<br \/>\nMAPEI ULTRACOLOR PLUS 187 5KG (LINEN )<br \/>\nMAPEI ULTRACOLOR PLUSS 130 5KG (JASMINE)<br \/>\nMAPEI ULTRALITE S1 VALGE 15KG<br \/>\nMAPEI ULTRALITE S2 FLEX, HALL 15KG<br \/>\nMAPEI UNIPLAN ECO 20kg 5-50mm Iseta, fiiber ja pumbatav j\u00e4metasandussegu<br \/>\nMAPEI VE SF_300ml KEEMILINE ANKRUMASS (vin\u00fc\u00fclester )<br \/>\nMAPEI VITA EXTRA M_pesuk\u00e4sn<br \/>\nMAPEI VUUGILABIDAS\/ SININE<\/p>\n<\/div><\/section><\/p><\/div>\n","protected":false},"excerpt":{"rendered":"","protected":false},"author":1,"featured_media":0,"parent":544,"menu_order":9,"comment_status":"closed","ping_status":"closed","template":"","meta":{"footnotes":""},"_links":{"self":[{"href":"https:\/\/www.atlassegud.ee\/fi\/wp-json\/wp\/v2\/pages\/1736"}],"collection":[{"href":"https:\/\/www.atlassegud.ee\/fi\/wp-json\/wp\/v2\/pages"}],"about":[{"href":"https:\/\/www.atlassegud.ee\/fi\/wp-json\/wp\/v2\/types\/page"}],"author":[{"embeddable":true,"href":"https:\/\/www.atlassegud.ee\/fi\/wp-json\/wp\/v2\/users\/1"}],"replies":[{"embeddable":true,"href":"https:\/\/www.atlassegud.ee\/fi\/wp-json\/wp\/v2\/comments?post=1736"}],"version-history":[{"count":8,"href":"https:\/\/www.atlassegud.ee\/fi\/wp-json\/wp\/v2\/pages\/1736\/revisions"}],"predecessor-version":[{"id":1807,"href":"https:\/\/www.atlassegud.ee\/fi\/wp-json\/wp\/v2\/pages\/1736\/revisions\/1807"}],"up":[{"embeddable":true,"href":"https:\/\/www.atlassegud.ee\/fi\/wp-json\/wp\/v2\/pages\/544"}],"wp:attachment":[{"href":"https:\/\/www.atlassegud.ee\/fi\/wp-json\/wp\/v2\/media?parent=1736"}],"curies":[{"name":"wp","href":"https:\/\/api.w.org\/{rel}","templated":true}]}}